{"id":1197,"date":"2019-01-31T16:36:42","date_gmt":"2019-01-31T16:36:42","guid":{"rendered":"https:\/\/libriaparte.it\/?post_type=product&#038;p=1197"},"modified":"2023-10-24T21:58:35","modified_gmt":"2023-10-24T20:58:35","slug":"jammin-drama-project","status":"publish","type":"product","link":"https:\/\/libriaparte.it\/en\/shop\/jammin-drama-project\/","title":{"rendered":"Jammin&#8217; Drama Project"},"content":{"rendered":"<p><strong>Index code<\/strong> LA19<\/p>\n<p><strong>Release<\/strong> November 2014<\/p>\n<p><strong>ISBN<\/strong> 978-88-95059-30-3<\/p>\n<p><strong>Features<\/strong> Soft cover, 17&#215;21 cm<\/p>\n<p><strong>Pages<\/strong> 48<\/p>\n<p><strong>Images<\/strong> 30 color images<\/p>\n<p><strong>Language<\/strong> Italian \/ English<\/p>\n","protected":false},"excerpt":{"rendered":"<p>It is dedicated to the homonymous video by Marinella Senatore, an Italian artist with an international profile. Through a tight narrative rhythm built with the author, the book documents a participatory project that involved more than 500 citizens of the Hispanic and Afro-American community in Harlem, New York. The artist created a video involving participants who followed every step of the process. Filmed in <em>cin\u00e9ma v\u00e9rit\u00e9<\/em> style, it tells several stories, each articulated and observed from different points of view. Texts by Maria Grazia Bellisario, Beatrice Merz, Ludovico Pratesi and a conversation between Angela Tecce and Marinella Senatore punctuate the book&#8217;s rhythm and accompany the reader on a discovery of a multifaceted collage of places, figures and landscapes.<\/p>\n<p>This volume was produced as part of the second edition of the initiative <em>Museo Chiama Artista<\/em>, born of the common intent of the architecture and contemporary art service of the PaBAAC &#8211; General Directorate for the Landscape, Fine Arts, Architecture and Contemporary Art of the Ministry of Cultural Heritage and Tourism and AMACI &#8211; Association of Italian Contemporary Art Museums, to support the contemporary art system by commissioning new works from Italian artists to be exhibited in the AMACI museum network.<\/p>\n<a class=\"read-more-link\" href=\" https:\/\/libriaparte.it\/en\/shop\/jammin-drama-project\/ \">Read More<\/a>","protected":false},"featured_media":1264,"template":"","meta":{"_acf_changed":false},"product_brand":[],"product_cat":[82],"product_tag":[],"class_list":{"0":"post-1197","1":"product","2":"type-product","3":"status-publish","4":"has-post-thumbnail","6":"product_cat-libri-aparte","7":"col-md-4 col-sm-6","9":"first","10":"instock","11":"shipping-taxable","12":"purchasable","13":"product-type-simple"},"acf":[],"yoast_head":"<!-- This site is optimized with the Yoast SEO plugin v27.4 - https:\/\/yoast.com\/product\/yoast-seo-wordpress\/ -->\n<title>Jammin&#039; Drama Project<\/title>\n<meta name=\"description\" content=\"di Marinella Senatore %%sep%% 14 \u20ac %%sep%% It is dedicated to the homonymous video by Marinella Senatore, an Italian artist with an international profile. Through a tight narrative rhythm built with the author, the book documents a participatory project that involved more than 500 citizens of the Hispanic and Afro-American community in Harlem, New York. The artist created a video involving participants who followed every step of the process. Filmed in cin\u00e9ma v\u00e9rit\u00e9 style, it tells several stories, each articulated and observed from different points of view. Texts by Maria Grazia Bellisario, Beatrice Merz, Ludovico Pratesi and a conversation between Angela Tecce and Marinella Senatore punctuate the book&#039;s rhythm and accompany the reader on a discovery of a multifaceted collage of places, figures and landscapes. This volume was produced as part of the second edition of the initiative Museo Chiama Artista, born of the common intent of the architecture and contemporary art service of the PaBAAC - General Directorate for the Landscape, Fine Arts, Architecture and Contemporary Art of the Ministry of Cultural Heritage and Tourism and AMACI - Association of Italian Contemporary Art Museums, to support the contemporary art system by commissioning new works from Italian artists to be exhibited in the AMACI museum network.\" \/>\n<meta name=\"robots\" content=\"index, follow, max-snippet:-1, max-image-preview:large, max-video-preview:-1\" \/>\n<link rel=\"canonical\" href=\"https:\/\/libriaparte.it\/en\/shop\/jammin-drama-project\/\" \/>\n<meta property=\"og:locale\" content=\"en_GB\" \/>\n<meta property=\"og:locale:alternate\" content=\"it_IT\" \/>\n<meta property=\"og:type\" content=\"article\" \/>\n<meta property=\"og:title\" content=\"Jammin&#039; Drama Project\" \/>\n<meta property=\"og:description\" content=\"di Marinella Senatore - 14 \u20ac - Dedicato alla omonima opera video di Marinella Senatore, artista italiana di profilo internazionale. Attraverso un serrato ritmo narrativo costruito con l\u2019autrice, il libro documenta un progetto partecipativo che coinvolge oltre 500 cittadini della comunit\u00e0 ispanica e afro-americana di Harlem, New York. L\u2019artista ha realizzato un video coinvolgendo i partecipanti che hanno seguito tutte le fasi di lavorazione. Girato in stile cin\u00e9ma v\u00e9rit\u00e9 racconta diverse storie, ciascuna articolata e osservata da distinti punti di vista. I testi di Maria Grazia Bellisario, Beatrice Merz, Ludovico Pratesi e una conversazione tra Angela Tecce e Marinella Senatore scandiscono la partitura del libro e accompagnano il lettore alla scoperta di un poliedrico collage di luoghi, figure e paesaggi. Volume realizzato nell\u2019ambito della seconda edizione dell\u2019iniziativa Museo Chiama Artista, nata dal comune intento di Servizio architettura e arte contemporanee della PaBAAC \u2013 Direzione Generale per il paesaggio, le belle arti, l\u2019architettura e l\u2019arte contemporanee, Ministero dei beni e delle attivit\u00e0 culturali e del turismo e AMACI \u2013 Associazione dei Musei d\u2019Arte Contemporanea Italiani, a sostegno del sistema del contemporaneo, attraverso la commissione ad artisti italiani di nuove opere da esporre nella rete museale AMACI.\" \/>\n<meta property=\"og:url\" content=\"https:\/\/libriaparte.it\/en\/shop\/jammin-drama-project\/\" \/>\n<meta property=\"og:site_name\" content=\"Libri Aparte\" \/>\n<meta property=\"article:publisher\" content=\"https:\/\/www.facebook.com\/libriaparte\" \/>\n<meta property=\"article:modified_time\" content=\"2023-10-24T20:58:35+00:00\" \/>\n<meta property=\"og:image\" content=\"https:\/\/libriaparte.it\/wp-content\/uploads\/2019\/01\/jammin-drama-project-02.jpg\" \/>\n\t<meta property=\"og:image:width\" content=\"1480\" \/>\n\t<meta property=\"og:image:height\" content=\"1200\" \/>\n\t<meta property=\"og:image:type\" content=\"image\/jpeg\" \/>\n<meta name=\"twitter:card\" content=\"summary_large_image\" \/>\n<meta name=\"twitter:image\" content=\"https:\/\/libriaparte.it\/wp-content\/uploads\/2019\/01\/jammin-drama-project-02.jpg\" \/>\n<meta name=\"twitter:label1\" content=\"Estimated reading time\" \/>\n\t<meta name=\"twitter:data1\" content=\"1 minute\" \/>\n<script type=\"application\/ld+json\" class=\"yoast-schema-graph\">{\"@context\":\"https:\\\/\\\/schema.org\",\"@graph\":[{\"@type\":\"WebPage\",\"@id\":\"https:\\\/\\\/libriaparte.it\\\/en\\\/shop\\\/jammin-drama-project\\\/\",\"url\":\"https:\\\/\\\/libriaparte.it\\\/en\\\/shop\\\/jammin-drama-project\\\/\",\"name\":\"Jammin' Drama Project\",\"isPartOf\":{\"@id\":\"https:\\\/\\\/libriaparte.it\\\/#website\"},\"primaryImageOfPage\":{\"@id\":\"https:\\\/\\\/libriaparte.it\\\/en\\\/shop\\\/jammin-drama-project\\\/#primaryimage\"},\"image\":{\"@id\":\"https:\\\/\\\/libriaparte.it\\\/en\\\/shop\\\/jammin-drama-project\\\/#primaryimage\"},\"thumbnailUrl\":\"https:\\\/\\\/libriaparte.it\\\/wp-content\\\/uploads\\\/2019\\\/02\\\/jammin-drama-project-01.jpg\",\"datePublished\":\"2019-01-31T16:36:42+00:00\",\"dateModified\":\"2023-10-24T20:58:35+00:00\",\"description\":\"di Marinella Senatore - 14 \u20ac - Dedicato alla omonima opera video di Marinella Senatore, artista italiana di profilo internazionale. Attraverso un serrato ritmo narrativo costruito con l\u2019autrice, il libro documenta un progetto partecipativo che coinvolge oltre 500 cittadini della comunit\u00e0 ispanica e afro-americana di Harlem, New York. L\u2019artista ha realizzato un video coinvolgendo i partecipanti che hanno seguito tutte le fasi di lavorazione. Girato in stile cin\u00e9ma v\u00e9rit\u00e9 racconta diverse storie, ciascuna articolata e osservata da distinti punti di vista. I testi di Maria Grazia Bellisario, Beatrice Merz, Ludovico Pratesi e una conversazione tra Angela Tecce e Marinella Senatore scandiscono la partitura del libro e accompagnano il lettore alla scoperta di un poliedrico collage di luoghi, figure e paesaggi. Volume realizzato nell\u2019ambito della seconda edizione dell\u2019iniziativa Museo Chiama Artista, nata dal comune intento di Servizio architettura e arte contemporanee della PaBAAC \u2013 Direzione Generale per il paesaggio, le belle arti, l\u2019architettura e l\u2019arte contemporanee, Ministero dei beni e delle attivit\u00e0 culturali e del turismo e AMACI \u2013 Associazione dei Musei d\u2019Arte Contemporanea Italiani, a sostegno del sistema del contemporaneo, attraverso la commissione ad artisti italiani di nuove opere da esporre nella rete museale AMACI.\",\"breadcrumb\":{\"@id\":\"https:\\\/\\\/libriaparte.it\\\/en\\\/shop\\\/jammin-drama-project\\\/#breadcrumb\"},\"inLanguage\":\"en-GB\",\"potentialAction\":[{\"@type\":\"ReadAction\",\"target\":[\"https:\\\/\\\/libriaparte.it\\\/en\\\/shop\\\/jammin-drama-project\\\/\"]}]},{\"@type\":\"ImageObject\",\"inLanguage\":\"en-GB\",\"@id\":\"https:\\\/\\\/libriaparte.it\\\/en\\\/shop\\\/jammin-drama-project\\\/#primaryimage\",\"url\":\"https:\\\/\\\/libriaparte.it\\\/wp-content\\\/uploads\\\/2019\\\/02\\\/jammin-drama-project-01.jpg\",\"contentUrl\":\"https:\\\/\\\/libriaparte.it\\\/wp-content\\\/uploads\\\/2019\\\/02\\\/jammin-drama-project-01.jpg\",\"width\":1200,\"height\":1480},{\"@type\":\"BreadcrumbList\",\"@id\":\"https:\\\/\\\/libriaparte.it\\\/en\\\/shop\\\/jammin-drama-project\\\/#breadcrumb\",\"itemListElement\":[{\"@type\":\"ListItem\",\"position\":1,\"name\":\"Home\",\"item\":\"https:\\\/\\\/libriaparte.it\\\/\"},{\"@type\":\"ListItem\",\"position\":2,\"name\":\"Shop\",\"item\":\"https:\\\/\\\/libriaparte.it\\\/\"},{\"@type\":\"ListItem\",\"position\":3,\"name\":\"Jammin&#8217; Drama Project\"}]},{\"@type\":\"WebSite\",\"@id\":\"https:\\\/\\\/libriaparte.it\\\/#website\",\"url\":\"https:\\\/\\\/libriaparte.it\\\/\",\"name\":\"Libri Aparte\",\"description\":\"The book and its opposite\",\"publisher\":{\"@id\":\"https:\\\/\\\/libriaparte.it\\\/#organization\"},\"potentialAction\":[{\"@type\":\"SearchAction\",\"target\":{\"@type\":\"EntryPoint\",\"urlTemplate\":\"https:\\\/\\\/libriaparte.it\\\/?s={search_term_string}\"},\"query-input\":{\"@type\":\"PropertyValueSpecification\",\"valueRequired\":true,\"valueName\":\"search_term_string\"}}],\"inLanguage\":\"en-GB\"},{\"@type\":\"Organization\",\"@id\":\"https:\\\/\\\/libriaparte.it\\\/#organization\",\"name\":\"Libri Aparte\",\"url\":\"https:\\\/\\\/libriaparte.it\\\/\",\"logo\":{\"@type\":\"ImageObject\",\"inLanguage\":\"en-GB\",\"@id\":\"https:\\\/\\\/libriaparte.it\\\/#\\\/schema\\\/logo\\\/image\\\/\",\"url\":\"https:\\\/\\\/libriaparte.it\\\/wp-content\\\/uploads\\\/2019\\\/02\\\/aparte_logo2.png\",\"contentUrl\":\"https:\\\/\\\/libriaparte.it\\\/wp-content\\\/uploads\\\/2019\\\/02\\\/aparte_logo2.png\",\"width\":196,\"height\":59,\"caption\":\"Libri Aparte\"},\"image\":{\"@id\":\"https:\\\/\\\/libriaparte.it\\\/#\\\/schema\\\/logo\\\/image\\\/\"},\"sameAs\":[\"https:\\\/\\\/www.facebook.com\\\/libriaparte\",\"https:\\\/\\\/www.instagram.com\\\/libriaparte\\\/\"]}]}<\/script>\n<!-- \/ Yoast SEO plugin. -->","yoast_head_json":{"title":"Jammin' Drama Project","description":"di Marinella Senatore %%sep%% 14 \u20ac %%sep%% It is dedicated to the homonymous video by Marinella Senatore, an Italian artist with an international profile. Through a tight narrative rhythm built with the author, the book documents a participatory project that involved more than 500 citizens of the Hispanic and Afro-American community in Harlem, New York. The artist created a video involving participants who followed every step of the process. Filmed in cin\u00e9ma v\u00e9rit\u00e9 style, it tells several stories, each articulated and observed from different points of view. Texts by Maria Grazia Bellisario, Beatrice Merz, Ludovico Pratesi and a conversation between Angela Tecce and Marinella Senatore punctuate the book's rhythm and accompany the reader on a discovery of a multifaceted collage of places, figures and landscapes. This volume was produced as part of the second edition of the initiative Museo Chiama Artista, born of the common intent of the architecture and contemporary art service of the PaBAAC - General Directorate for the Landscape, Fine Arts, Architecture and Contemporary Art of the Ministry of Cultural Heritage and Tourism and AMACI - Association of Italian Contemporary Art Museums, to support the contemporary art system by commissioning new works from Italian artists to be exhibited in the AMACI museum network.","robots":{"index":"index","follow":"follow","max-snippet":"max-snippet:-1","max-image-preview":"max-image-preview:large","max-video-preview":"max-video-preview:-1"},"canonical":"https:\/\/libriaparte.it\/en\/shop\/jammin-drama-project\/","og_locale":"en_GB","og_type":"article","og_title":"[:en]Jammin&#039; Drama Project[:it]Jammin' Drama Project[:] - Libri Aparte","og_description":"di Marinella Senatore - 14 \u20ac - Dedicato alla omonima opera video di Marinella Senatore, artista italiana di profilo internazionale. Attraverso un serrato ritmo narrativo costruito con l\u2019autrice, il libro documenta un progetto partecipativo che coinvolge oltre 500 cittadini della comunit\u00e0 ispanica e afro-americana di Harlem, New York. L\u2019artista ha realizzato un video coinvolgendo i partecipanti che hanno seguito tutte le fasi di lavorazione. Girato in stile cin\u00e9ma v\u00e9rit\u00e9 racconta diverse storie, ciascuna articolata e osservata da distinti punti di vista. I testi di Maria Grazia Bellisario, Beatrice Merz, Ludovico Pratesi e una conversazione tra Angela Tecce e Marinella Senatore scandiscono la partitura del libro e accompagnano il lettore alla scoperta di un poliedrico collage di luoghi, figure e paesaggi. Volume realizzato nell\u2019ambito della seconda edizione dell\u2019iniziativa Museo Chiama Artista, nata dal comune intento di Servizio architettura e arte contemporanee della PaBAAC \u2013 Direzione Generale per il paesaggio, le belle arti, l\u2019architettura e l\u2019arte contemporanee, Ministero dei beni e delle attivit\u00e0 culturali e del turismo e AMACI \u2013 Associazione dei Musei d\u2019Arte Contemporanea Italiani, a sostegno del sistema del contemporaneo, attraverso la commissione ad artisti italiani di nuove opere da esporre nella rete museale AMACI.","og_url":"https:\/\/libriaparte.it\/en\/shop\/jammin-drama-project\/","og_site_name":"Libri Aparte","article_publisher":"https:\/\/www.facebook.com\/libriaparte","article_modified_time":"2023-10-24T20:58:35+00:00","og_image":[{"width":1480,"height":1200,"url":"https:\/\/libriaparte.it\/wp-content\/uploads\/2019\/01\/jammin-drama-project-02.jpg","type":"image\/jpeg"}],"twitter_card":"summary_large_image","twitter_image":"https:\/\/libriaparte.it\/wp-content\/uploads\/2019\/01\/jammin-drama-project-02.jpg","twitter_misc":{"Estimated reading time":"1 minute"},"schema":{"@context":"https:\/\/schema.org","@graph":[{"@type":"WebPage","@id":"https:\/\/libriaparte.it\/en\/shop\/jammin-drama-project\/","url":"https:\/\/libriaparte.it\/en\/shop\/jammin-drama-project\/","name":"Jammin' Drama Project","isPartOf":{"@id":"https:\/\/libriaparte.it\/#website"},"primaryImageOfPage":{"@id":"https:\/\/libriaparte.it\/en\/shop\/jammin-drama-project\/#primaryimage"},"image":{"@id":"https:\/\/libriaparte.it\/en\/shop\/jammin-drama-project\/#primaryimage"},"thumbnailUrl":"https:\/\/libriaparte.it\/wp-content\/uploads\/2019\/02\/jammin-drama-project-01.jpg","datePublished":"2019-01-31T16:36:42+00:00","dateModified":"2023-10-24T20:58:35+00:00","description":"di Marinella Senatore - 14 \u20ac - Dedicato alla omonima opera video di Marinella Senatore, artista italiana di profilo internazionale. Attraverso un serrato ritmo narrativo costruito con l\u2019autrice, il libro documenta un progetto partecipativo che coinvolge oltre 500 cittadini della comunit\u00e0 ispanica e afro-americana di Harlem, New York. L\u2019artista ha realizzato un video coinvolgendo i partecipanti che hanno seguito tutte le fasi di lavorazione. Girato in stile cin\u00e9ma v\u00e9rit\u00e9 racconta diverse storie, ciascuna articolata e osservata da distinti punti di vista. I testi di Maria Grazia Bellisario, Beatrice Merz, Ludovico Pratesi e una conversazione tra Angela Tecce e Marinella Senatore scandiscono la partitura del libro e accompagnano il lettore alla scoperta di un poliedrico collage di luoghi, figure e paesaggi. Volume realizzato nell\u2019ambito della seconda edizione dell\u2019iniziativa Museo Chiama Artista, nata dal comune intento di Servizio architettura e arte contemporanee della PaBAAC \u2013 Direzione Generale per il paesaggio, le belle arti, l\u2019architettura e l\u2019arte contemporanee, Ministero dei beni e delle attivit\u00e0 culturali e del turismo e AMACI \u2013 Associazione dei Musei d\u2019Arte Contemporanea Italiani, a sostegno del sistema del contemporaneo, attraverso la commissione ad artisti italiani di nuove opere da esporre nella rete museale AMACI.","breadcrumb":{"@id":"https:\/\/libriaparte.it\/en\/shop\/jammin-drama-project\/#breadcrumb"},"inLanguage":"en-GB","potentialAction":[{"@type":"ReadAction","target":["https:\/\/libriaparte.it\/en\/shop\/jammin-drama-project\/"]}]},{"@type":"ImageObject","inLanguage":"en-GB","@id":"https:\/\/libriaparte.it\/en\/shop\/jammin-drama-project\/#primaryimage","url":"https:\/\/libriaparte.it\/wp-content\/uploads\/2019\/02\/jammin-drama-project-01.jpg","contentUrl":"https:\/\/libriaparte.it\/wp-content\/uploads\/2019\/02\/jammin-drama-project-01.jpg","width":1200,"height":1480},{"@type":"BreadcrumbList","@id":"https:\/\/libriaparte.it\/en\/shop\/jammin-drama-project\/#breadcrumb","itemListElement":[{"@type":"ListItem","position":1,"name":"Home","item":"https:\/\/libriaparte.it\/"},{"@type":"ListItem","position":2,"name":"Shop","item":"https:\/\/libriaparte.it\/"},{"@type":"ListItem","position":3,"name":"Jammin&#8217; Drama Project"}]},{"@type":"WebSite","@id":"https:\/\/libriaparte.it\/#website","url":"https:\/\/libriaparte.it\/","name":"Libri Aparte","description":"The book and its opposite","publisher":{"@id":"https:\/\/libriaparte.it\/#organization"},"potentialAction":[{"@type":"SearchAction","target":{"@type":"EntryPoint","urlTemplate":"https:\/\/libriaparte.it\/?s={search_term_string}"},"query-input":{"@type":"PropertyValueSpecification","valueRequired":true,"valueName":"search_term_string"}}],"inLanguage":"en-GB"},{"@type":"Organization","@id":"https:\/\/libriaparte.it\/#organization","name":"Libri Aparte","url":"https:\/\/libriaparte.it\/","logo":{"@type":"ImageObject","inLanguage":"en-GB","@id":"https:\/\/libriaparte.it\/#\/schema\/logo\/image\/","url":"https:\/\/libriaparte.it\/wp-content\/uploads\/2019\/02\/aparte_logo2.png","contentUrl":"https:\/\/libriaparte.it\/wp-content\/uploads\/2019\/02\/aparte_logo2.png","width":196,"height":59,"caption":"Libri Aparte"},"image":{"@id":"https:\/\/libriaparte.it\/#\/schema\/logo\/image\/"},"sameAs":["https:\/\/www.facebook.com\/libriaparte","https:\/\/www.instagram.com\/libriaparte\/"]}]}},"_links":{"self":[{"href":"https:\/\/libriaparte.it\/en\/wp-json\/wp\/v2\/product\/1197","targetHints":{"allow":["GET"]}}],"collection":[{"href":"https:\/\/libriaparte.it\/en\/wp-json\/wp\/v2\/product"}],"about":[{"href":"https:\/\/libriaparte.it\/en\/wp-json\/wp\/v2\/types\/product"}],"wp:featuredmedia":[{"embeddable":true,"href":"https:\/\/libriaparte.it\/en\/wp-json\/wp\/v2\/media\/1264"}],"wp:attachment":[{"href":"https:\/\/libriaparte.it\/en\/wp-json\/wp\/v2\/media?parent=1197"}],"wp:term":[{"taxonomy":"product_brand","embeddable":true,"href":"https:\/\/libriaparte.it\/en\/wp-json\/wp\/v2\/product_brand?post=1197"},{"taxonomy":"product_cat","embeddable":true,"href":"https:\/\/libriaparte.it\/en\/wp-json\/wp\/v2\/product_cat?post=1197"},{"taxonomy":"product_tag","embeddable":true,"href":"https:\/\/libriaparte.it\/en\/wp-json\/wp\/v2\/product_tag?post=1197"}],"curies":[{"name":"wp","href":"https:\/\/api.w.org\/{rel}","templated":true}]}}