{"id":26522,"date":"2023-12-12T18:17:57","date_gmt":"2023-12-12T17:17:57","guid":{"rendered":"https:\/\/libriaparte.it\/?post_type=product&#038;p=26522"},"modified":"2024-04-11T10:37:20","modified_gmt":"2024-04-11T09:37:20","slug":"redesign-the-quarry","status":"publish","type":"product","link":"https:\/\/libriaparte.it\/en\/shop\/redesign-the-quarry\/","title":{"rendered":"Redesign the quarry"},"content":{"rendered":"<p><b>Index code <\/b>LA35<\/p>\n<p><b>Release <\/b>December 2023<\/p>\n<p><strong>ISBN<\/strong>\u00a0978-88-95059-50-1<\/p>\n<p><strong>Features<\/strong>\u00a0Soft cover, 23&#215;32,5 cm<\/p>\n<p><strong>Pages<\/strong>\u00a0168<\/p>\n<p><b>Language <\/b>English \/ Italian<\/p>\n<p><strong>Curated by<\/strong>\u00a0Paolo Belloni<\/p>\n","protected":false},"excerpt":{"rendered":"<p>This collection of projects developed by students of the &#8220;Advanced Landscape Design Studio&#8221; course at Politecnico di Milano, led by Professor Paolo Belloni, addresses the challenges of territorial and landscape design, focusing on key concepts such as reuse, regeneration, and recycling.<\/p>\n<p>Aware that the environment we live in has been deeply shaped by human activity, generating a series of abandoned places, the approach suggested by the course goes beyond the more illusory strategy of restoring the state of these places, instead promoting their recovery and transformation. A deeper and more sustainable approach interprets the result of human-induced transformation as a historical testimony to be reinterpreted.<\/p>\n<p>The case study presented in this collection concerns the project of a gravel quarry in Calusco d&#8217;Adda beside the banks of a river, along whose course significant infrastructural interventions have stratified over the centuries, determining the charm and identity of these places, which represent the most evident testimony of the possibility of dialogue between nature and artifice.<\/p>\n<a class=\"read-more-link\" href=\" https:\/\/libriaparte.it\/en\/shop\/redesign-the-quarry\/ \">Read More<\/a>","protected":false},"featured_media":26523,"template":"","meta":{"_acf_changed":false},"product_brand":[],"product_cat":[82],"product_tag":[],"class_list":{"0":"post-26522","1":"product","2":"type-product","3":"status-publish","4":"has-post-thumbnail","6":"product_cat-libri-aparte","7":"col-md-4 col-sm-6","9":"first","10":"instock","11":"shipping-taxable","12":"purchasable","13":"product-type-simple"},"acf":[],"yoast_head":"<!-- This site is optimized with the Yoast SEO plugin v27.4 - https:\/\/yoast.com\/product\/yoast-seo-wordpress\/ -->\n<title>Redesign the quarry<\/title>\n<meta name=\"description\" content=\"Edited by Paolo Belloni (2023) %%sep%% 20 \u20ac %%sep%% This collection of projects developed by students of the &quot;Advanced Landscape Design Studio&quot; course at Politecnico di Milano, led by Professor Paolo Belloni, addresses the challenges of territorial and landscape design, focusing on key concepts such as reuse, regeneration, and recycling. Aware that the environment we live in has been deeply shaped by human activity, generating a series of abandoned places, the approach suggested by the course goes beyond the more illusory strategy of restoring the state of these places, instead promoting their recovery and transformation. A deeper and more sustainable approach interprets the result of human-induced transformation as a historical testimony to be reinterpreted. The case study presented in this collection concerns the project of a gravel quarry in Calusco d&#039;Adda beside the banks of a river, along whose course significant infrastructural interventions have stratified over the centuries, determining the charm and identity of these places, which represent the most evident testimony of the possibility of dialogue between nature and artifice.\" \/>\n<meta name=\"robots\" content=\"index, follow, max-snippet:-1, max-image-preview:large, max-video-preview:-1\" \/>\n<link rel=\"canonical\" href=\"https:\/\/libriaparte.it\/en\/shop\/redesign-the-quarry\/\" \/>\n<meta property=\"og:locale\" content=\"en_GB\" \/>\n<meta property=\"og:locale:alternate\" content=\"it_IT\" \/>\n<meta property=\"og:type\" content=\"article\" \/>\n<meta property=\"og:title\" content=\"Redesign the quarry\" \/>\n<meta property=\"og:description\" content=\"This collection of projects developed by students of the &quot;Advanced Landscape Design Studio&quot; course at Politecnico di Milano, led by Professor Paolo Belloni, addresses the challenges of territorial and landscape design, focusing on key concepts such as reuse, regeneration, and recycling. Aware that the environment we live in has been deeply shaped by human activity, generating a series of abandoned places, the approach suggested by the course goes beyond the more illusory strategy of restoring the state of these places, instead promoting their recovery and transformation. A deeper and more sustainable approach interprets the result of human-induced transformation as a historical testimony to be reinterpreted. The case study presented in this collection concerns the project of a gravel quarry in Calusco d&#039;Adda beside the banks of a river, along whose course significant infrastructural interventions have stratified over the centuries, determining the charm and identity of these places, which represent the most evident testimony of the possibility of dialogue between nature and artifice.\" \/>\n<meta property=\"og:url\" content=\"https:\/\/libriaparte.it\/en\/shop\/redesign-the-quarry\/\" \/>\n<meta property=\"og:site_name\" content=\"Libri Aparte\" \/>\n<meta property=\"article:publisher\" content=\"https:\/\/www.facebook.com\/libriaparte\" \/>\n<meta property=\"article:modified_time\" content=\"2024-04-11T09:37:20+00:00\" \/>\n<meta property=\"og:image\" content=\"https:\/\/libriaparte.it\/wp-content\/uploads\/2023\/12\/redesign-the-quarry-01c.jpg\" \/>\n\t<meta property=\"og:image:width\" content=\"1300\" \/>\n\t<meta property=\"og:image:height\" content=\"1300\" \/>\n\t<meta property=\"og:image:type\" content=\"image\/jpeg\" \/>\n<meta name=\"twitter:card\" content=\"summary_large_image\" \/>\n<meta name=\"twitter:title\" content=\"Redesign the quarry\" \/>\n<meta name=\"twitter:description\" content=\"Questa raccolta di progetti sviluppati dagli studenti del corso \u201cAdvanced Landscape Design Studio\u201d del Politecnico di Milano, tenuto dal prof. Paolo Belloni, affronta le sfide della progettazione territoriale e del paesaggio, focalizzandosi su concetti chiave come il riuso, la rigenerazione, il riciclaggio. Consapevoli che l\u2019ambiente in cui viviamo \u00e8 stato profondamente plasmato dall\u2019attivit\u00e0 umana, generando una serie di luoghi abbandonati; l\u2019approccio suggerito dal corso va oltre la pi\u00f9 illusoria strategia del ripristino dello stato dei luoghi, promuovendone invece il recupero e la trasformazione. Un approccio pi\u00f9 profondo e sostenibile che interpreta il risultato della trasformazione operata dall\u2019uomo come una testimonianza storica da reinterpretare. Il caso studio riportato in questa raccolta riguarda il progetto di una cava di ghiaia a Calusco d\u2019Adda lungo le rive di un fiume lungo il cui corso si sono stratificati nei secoli importanti interventi infrastrutturali che hanno determinato il fascino e l\u2019identit\u00e0 di questi luoghi e che rappresentano la testimonianza pi\u00f9 evidente della possibilit\u00e0 di dialogo tra natura e artificio.\" \/>\n<meta name=\"twitter:image\" content=\"https:\/\/libriaparte.it\/wp-content\/uploads\/2023\/12\/redesign-the-quarry-01c.jpg\" \/>\n<meta name=\"twitter:label1\" content=\"Estimated reading time\" \/>\n\t<meta name=\"twitter:data1\" content=\"1 minute\" \/>\n<script type=\"application\/ld+json\" class=\"yoast-schema-graph\">{\"@context\":\"https:\\\/\\\/schema.org\",\"@graph\":[{\"@type\":\"WebPage\",\"@id\":\"https:\\\/\\\/libriaparte.it\\\/en\\\/shop\\\/redesign-the-quarry\\\/\",\"url\":\"https:\\\/\\\/libriaparte.it\\\/en\\\/shop\\\/redesign-the-quarry\\\/\",\"name\":\"Redesign the quarry\",\"isPartOf\":{\"@id\":\"https:\\\/\\\/libriaparte.it\\\/#website\"},\"primaryImageOfPage\":{\"@id\":\"https:\\\/\\\/libriaparte.it\\\/en\\\/shop\\\/redesign-the-quarry\\\/#primaryimage\"},\"image\":{\"@id\":\"https:\\\/\\\/libriaparte.it\\\/en\\\/shop\\\/redesign-the-quarry\\\/#primaryimage\"},\"thumbnailUrl\":\"https:\\\/\\\/libriaparte.it\\\/wp-content\\\/uploads\\\/2023\\\/12\\\/redesign-the-quarry-01.jpg\",\"datePublished\":\"2023-12-12T17:17:57+00:00\",\"dateModified\":\"2024-04-11T09:37:20+00:00\",\"description\":\"Edited by Paolo Belloni (2023) - 20 \u20ac - This collection of projects developed by students of the \\\"Advanced Landscape Design Studio\\\" course at Politecnico di Milano, led by Professor Paolo Belloni, addresses the challenges of territorial and landscape design, focusing on key concepts such as reuse, regeneration, and recycling. Aware that the environment we live in has been deeply shaped by human activity, generating a series of abandoned places, the approach suggested by the course goes beyond the more illusory strategy of restoring the state of these places, instead promoting their recovery and transformation. A deeper and more sustainable approach interprets the result of human-induced transformation as a historical testimony to be reinterpreted. The case study presented in this collection concerns the project of a gravel quarry in Calusco d'Adda beside the banks of a river, along whose course significant infrastructural interventions have stratified over the centuries, determining the charm and identity of these places, which represent the most evident testimony of the possibility of dialogue between nature and artifice.\",\"breadcrumb\":{\"@id\":\"https:\\\/\\\/libriaparte.it\\\/en\\\/shop\\\/redesign-the-quarry\\\/#breadcrumb\"},\"inLanguage\":\"en-GB\",\"potentialAction\":[{\"@type\":\"ReadAction\",\"target\":[\"https:\\\/\\\/libriaparte.it\\\/en\\\/shop\\\/redesign-the-quarry\\\/\"]}]},{\"@type\":\"ImageObject\",\"inLanguage\":\"en-GB\",\"@id\":\"https:\\\/\\\/libriaparte.it\\\/en\\\/shop\\\/redesign-the-quarry\\\/#primaryimage\",\"url\":\"https:\\\/\\\/libriaparte.it\\\/wp-content\\\/uploads\\\/2023\\\/12\\\/redesign-the-quarry-01.jpg\",\"contentUrl\":\"https:\\\/\\\/libriaparte.it\\\/wp-content\\\/uploads\\\/2023\\\/12\\\/redesign-the-quarry-01.jpg\",\"width\":1200,\"height\":1480,\"caption\":\"Paolo Belloni - Redesign the quarry - Libri Aparte (2023)\"},{\"@type\":\"BreadcrumbList\",\"@id\":\"https:\\\/\\\/libriaparte.it\\\/en\\\/shop\\\/redesign-the-quarry\\\/#breadcrumb\",\"itemListElement\":[{\"@type\":\"ListItem\",\"position\":1,\"name\":\"Home\",\"item\":\"https:\\\/\\\/libriaparte.it\\\/\"},{\"@type\":\"ListItem\",\"position\":2,\"name\":\"Shop\",\"item\":\"https:\\\/\\\/libriaparte.it\\\/\"},{\"@type\":\"ListItem\",\"position\":3,\"name\":\"Redesign the quarry\"}]},{\"@type\":\"WebSite\",\"@id\":\"https:\\\/\\\/libriaparte.it\\\/#website\",\"url\":\"https:\\\/\\\/libriaparte.it\\\/\",\"name\":\"Libri Aparte\",\"description\":\"The book and its opposite\",\"publisher\":{\"@id\":\"https:\\\/\\\/libriaparte.it\\\/#organization\"},\"potentialAction\":[{\"@type\":\"SearchAction\",\"target\":{\"@type\":\"EntryPoint\",\"urlTemplate\":\"https:\\\/\\\/libriaparte.it\\\/?s={search_term_string}\"},\"query-input\":{\"@type\":\"PropertyValueSpecification\",\"valueRequired\":true,\"valueName\":\"search_term_string\"}}],\"inLanguage\":\"en-GB\"},{\"@type\":\"Organization\",\"@id\":\"https:\\\/\\\/libriaparte.it\\\/#organization\",\"name\":\"Libri Aparte\",\"url\":\"https:\\\/\\\/libriaparte.it\\\/\",\"logo\":{\"@type\":\"ImageObject\",\"inLanguage\":\"en-GB\",\"@id\":\"https:\\\/\\\/libriaparte.it\\\/#\\\/schema\\\/logo\\\/image\\\/\",\"url\":\"https:\\\/\\\/libriaparte.it\\\/wp-content\\\/uploads\\\/2019\\\/02\\\/aparte_logo2.png\",\"contentUrl\":\"https:\\\/\\\/libriaparte.it\\\/wp-content\\\/uploads\\\/2019\\\/02\\\/aparte_logo2.png\",\"width\":196,\"height\":59,\"caption\":\"Libri Aparte\"},\"image\":{\"@id\":\"https:\\\/\\\/libriaparte.it\\\/#\\\/schema\\\/logo\\\/image\\\/\"},\"sameAs\":[\"https:\\\/\\\/www.facebook.com\\\/libriaparte\",\"https:\\\/\\\/www.instagram.com\\\/libriaparte\\\/\"]}]}<\/script>\n<!-- \/ Yoast SEO plugin. -->","yoast_head_json":{"title":"Redesign the quarry","description":"Edited by Paolo Belloni (2023) %%sep%% 20 \u20ac %%sep%% This collection of projects developed by students of the \"Advanced Landscape Design Studio\" course at Politecnico di Milano, led by Professor Paolo Belloni, addresses the challenges of territorial and landscape design, focusing on key concepts such as reuse, regeneration, and recycling. Aware that the environment we live in has been deeply shaped by human activity, generating a series of abandoned places, the approach suggested by the course goes beyond the more illusory strategy of restoring the state of these places, instead promoting their recovery and transformation. A deeper and more sustainable approach interprets the result of human-induced transformation as a historical testimony to be reinterpreted. The case study presented in this collection concerns the project of a gravel quarry in Calusco d'Adda beside the banks of a river, along whose course significant infrastructural interventions have stratified over the centuries, determining the charm and identity of these places, which represent the most evident testimony of the possibility of dialogue between nature and artifice.","robots":{"index":"index","follow":"follow","max-snippet":"max-snippet:-1","max-image-preview":"max-image-preview:large","max-video-preview":"max-video-preview:-1"},"canonical":"https:\/\/libriaparte.it\/en\/shop\/redesign-the-quarry\/","og_locale":"en_GB","og_type":"article","og_title":"[:it][:en]Redesign the quarry[:it]Redesign the quarry[:] - Libri Aparte[:]","og_description":"[:en]This collection of projects developed by students of the \"Advanced Landscape Design Studio\" course at Politecnico di Milano, led by Professor Paolo Belloni, addresses the challenges of territorial and landscape design, focusing on key concepts such as reuse, regeneration, and recycling. Aware that the environment we live in has been deeply shaped by human activity, generating a series of abandoned places, the approach suggested by the course goes beyond the more illusory strategy of restoring the state of these places, instead promoting their recovery and transformation. A deeper and more sustainable approach interprets the result of human-induced transformation as a historical testimony to be reinterpreted. The case study presented in this collection concerns the project of a gravel quarry in Calusco d'Adda beside the banks of a river, along whose course significant infrastructural interventions have stratified over the centuries, determining the charm and identity of these places, which represent the most evident testimony of the possibility of dialogue between nature and artifice.[:it]Questa raccolta di progetti sviluppati dagli studenti del corso \u201cAdvanced Landscape Design Studio\u201d del Politecnico di Milano, tenuto dal prof. Paolo Belloni, affronta le sfide della progettazione territoriale e del paesaggio, focalizzandosi su concetti chiave come il riuso, la rigenerazione, il riciclaggio. Consapevoli che l\u2019ambiente in cui viviamo \u00e8 stato profondamente plasmato dall\u2019attivit\u00e0 umana, generando una serie di luoghi abbandonati; l\u2019approccio suggerito dal corso va oltre la pi\u00f9 illusoria strategia del ripristino dello stato dei luoghi, promuovendone invece il recupero e la trasformazione. Un approccio pi\u00f9 profondo e sostenibile che interpreta il risultato della trasformazione operata dall\u2019uomo come una testimonianza storica da reinterpretare. Il caso studio riportato in questa raccolta riguarda il progetto di una cava di ghiaia a Calusco d\u2019Adda lungo le rive di un fiume lungo il cui corso si sono stratificati nei secoli importanti interventi infrastrutturali che hanno determinato il fascino e l\u2019identit\u00e0 di questi luoghi e che rappresentano la testimonianza pi\u00f9 evidente della possibilit\u00e0 di dialogo tra natura e artificio.[:]","og_url":"https:\/\/libriaparte.it\/en\/shop\/redesign-the-quarry\/","og_site_name":"Libri Aparte","article_publisher":"https:\/\/www.facebook.com\/libriaparte","article_modified_time":"2024-04-11T09:37:20+00:00","og_image":[{"width":1300,"height":1300,"url":"https:\/\/libriaparte.it\/wp-content\/uploads\/2023\/12\/redesign-the-quarry-01c.jpg","type":"image\/jpeg"}],"twitter_card":"summary_large_image","twitter_title":"[:en]Redesign the quarry[:it]Redesign the quarry[:] - Libri Aparte","twitter_description":"Questa raccolta di progetti sviluppati dagli studenti del corso \u201cAdvanced Landscape Design Studio\u201d del Politecnico di Milano, tenuto dal prof. Paolo Belloni, affronta le sfide della progettazione territoriale e del paesaggio, focalizzandosi su concetti chiave come il riuso, la rigenerazione, il riciclaggio. Consapevoli che l\u2019ambiente in cui viviamo \u00e8 stato profondamente plasmato dall\u2019attivit\u00e0 umana, generando una serie di luoghi abbandonati; l\u2019approccio suggerito dal corso va oltre la pi\u00f9 illusoria strategia del ripristino dello stato dei luoghi, promuovendone invece il recupero e la trasformazione. Un approccio pi\u00f9 profondo e sostenibile che interpreta il risultato della trasformazione operata dall\u2019uomo come una testimonianza storica da reinterpretare. Il caso studio riportato in questa raccolta riguarda il progetto di una cava di ghiaia a Calusco d\u2019Adda lungo le rive di un fiume lungo il cui corso si sono stratificati nei secoli importanti interventi infrastrutturali che hanno determinato il fascino e l\u2019identit\u00e0 di questi luoghi e che rappresentano la testimonianza pi\u00f9 evidente della possibilit\u00e0 di dialogo tra natura e artificio.","twitter_image":"https:\/\/libriaparte.it\/wp-content\/uploads\/2023\/12\/redesign-the-quarry-01c.jpg","twitter_misc":{"Estimated reading time":"1 minute"},"schema":{"@context":"https:\/\/schema.org","@graph":[{"@type":"WebPage","@id":"https:\/\/libriaparte.it\/en\/shop\/redesign-the-quarry\/","url":"https:\/\/libriaparte.it\/en\/shop\/redesign-the-quarry\/","name":"Redesign the quarry","isPartOf":{"@id":"https:\/\/libriaparte.it\/#website"},"primaryImageOfPage":{"@id":"https:\/\/libriaparte.it\/en\/shop\/redesign-the-quarry\/#primaryimage"},"image":{"@id":"https:\/\/libriaparte.it\/en\/shop\/redesign-the-quarry\/#primaryimage"},"thumbnailUrl":"https:\/\/libriaparte.it\/wp-content\/uploads\/2023\/12\/redesign-the-quarry-01.jpg","datePublished":"2023-12-12T17:17:57+00:00","dateModified":"2024-04-11T09:37:20+00:00","description":"Edited by Paolo Belloni (2023) - 20 \u20ac - This collection of projects developed by students of the \"Advanced Landscape Design Studio\" course at Politecnico di Milano, led by Professor Paolo Belloni, addresses the challenges of territorial and landscape design, focusing on key concepts such as reuse, regeneration, and recycling. Aware that the environment we live in has been deeply shaped by human activity, generating a series of abandoned places, the approach suggested by the course goes beyond the more illusory strategy of restoring the state of these places, instead promoting their recovery and transformation. A deeper and more sustainable approach interprets the result of human-induced transformation as a historical testimony to be reinterpreted. The case study presented in this collection concerns the project of a gravel quarry in Calusco d'Adda beside the banks of a river, along whose course significant infrastructural interventions have stratified over the centuries, determining the charm and identity of these places, which represent the most evident testimony of the possibility of dialogue between nature and artifice.","breadcrumb":{"@id":"https:\/\/libriaparte.it\/en\/shop\/redesign-the-quarry\/#breadcrumb"},"inLanguage":"en-GB","potentialAction":[{"@type":"ReadAction","target":["https:\/\/libriaparte.it\/en\/shop\/redesign-the-quarry\/"]}]},{"@type":"ImageObject","inLanguage":"en-GB","@id":"https:\/\/libriaparte.it\/en\/shop\/redesign-the-quarry\/#primaryimage","url":"https:\/\/libriaparte.it\/wp-content\/uploads\/2023\/12\/redesign-the-quarry-01.jpg","contentUrl":"https:\/\/libriaparte.it\/wp-content\/uploads\/2023\/12\/redesign-the-quarry-01.jpg","width":1200,"height":1480,"caption":"Paolo Belloni - Redesign the quarry - Libri Aparte (2023)"},{"@type":"BreadcrumbList","@id":"https:\/\/libriaparte.it\/en\/shop\/redesign-the-quarry\/#breadcrumb","itemListElement":[{"@type":"ListItem","position":1,"name":"Home","item":"https:\/\/libriaparte.it\/"},{"@type":"ListItem","position":2,"name":"Shop","item":"https:\/\/libriaparte.it\/"},{"@type":"ListItem","position":3,"name":"Redesign the quarry"}]},{"@type":"WebSite","@id":"https:\/\/libriaparte.it\/#website","url":"https:\/\/libriaparte.it\/","name":"Libri Aparte","description":"The book and its opposite","publisher":{"@id":"https:\/\/libriaparte.it\/#organization"},"potentialAction":[{"@type":"SearchAction","target":{"@type":"EntryPoint","urlTemplate":"https:\/\/libriaparte.it\/?s={search_term_string}"},"query-input":{"@type":"PropertyValueSpecification","valueRequired":true,"valueName":"search_term_string"}}],"inLanguage":"en-GB"},{"@type":"Organization","@id":"https:\/\/libriaparte.it\/#organization","name":"Libri Aparte","url":"https:\/\/libriaparte.it\/","logo":{"@type":"ImageObject","inLanguage":"en-GB","@id":"https:\/\/libriaparte.it\/#\/schema\/logo\/image\/","url":"https:\/\/libriaparte.it\/wp-content\/uploads\/2019\/02\/aparte_logo2.png","contentUrl":"https:\/\/libriaparte.it\/wp-content\/uploads\/2019\/02\/aparte_logo2.png","width":196,"height":59,"caption":"Libri Aparte"},"image":{"@id":"https:\/\/libriaparte.it\/#\/schema\/logo\/image\/"},"sameAs":["https:\/\/www.facebook.com\/libriaparte","https:\/\/www.instagram.com\/libriaparte\/"]}]}},"_links":{"self":[{"href":"https:\/\/libriaparte.it\/en\/wp-json\/wp\/v2\/product\/26522","targetHints":{"allow":["GET"]}}],"collection":[{"href":"https:\/\/libriaparte.it\/en\/wp-json\/wp\/v2\/product"}],"about":[{"href":"https:\/\/libriaparte.it\/en\/wp-json\/wp\/v2\/types\/product"}],"wp:featuredmedia":[{"embeddable":true,"href":"https:\/\/libriaparte.it\/en\/wp-json\/wp\/v2\/media\/26523"}],"wp:attachment":[{"href":"https:\/\/libriaparte.it\/en\/wp-json\/wp\/v2\/media?parent=26522"}],"wp:term":[{"taxonomy":"product_brand","embeddable":true,"href":"https:\/\/libriaparte.it\/en\/wp-json\/wp\/v2\/product_brand?post=26522"},{"taxonomy":"product_cat","embeddable":true,"href":"https:\/\/libriaparte.it\/en\/wp-json\/wp\/v2\/product_cat?post=26522"},{"taxonomy":"product_tag","embeddable":true,"href":"https:\/\/libriaparte.it\/en\/wp-json\/wp\/v2\/product_tag?post=26522"}],"curies":[{"name":"wp","href":"https:\/\/api.w.org\/{rel}","templated":true}]}}