{"id":26561,"date":"2024-04-11T10:30:46","date_gmt":"2024-04-11T09:30:46","guid":{"rendered":"https:\/\/libriaparte.it\/?post_type=product&#038;p=26561"},"modified":"2024-10-31T10:19:52","modified_gmt":"2024-10-31T09:19:52","slug":"fratellino-e-sorellina","status":"publish","type":"product","link":"https:\/\/libriaparte.it\/en\/shop\/fratellino-e-sorellina\/","title":{"rendered":"Fratellino e Sorellina"},"content":{"rendered":"<p><b>Index code <\/b>LA36<\/p>\n<p><b>Release <\/b>April 2024<\/p>\n<p><strong>ISBN<\/strong>\u00a0978-88-95059-52-5<\/p>\n<p><strong>Features<\/strong> Soft cover, 21&#215;29,7 cm<\/p>\n<p><strong>Pages<\/strong> 32<\/p>\n<p><strong>Images<\/strong> 14 color<\/p>\n<p><b>Language: <\/b>Italian<\/p>\n<p><strong>Turned into Verse by<\/strong> Ambriogio Previtali<\/p>\n<p><strong>Illustrations by<\/strong>\u00a0Diego Bonifaccio<\/p>\n","protected":false},"excerpt":{"rendered":"<p>Little Brother and Little Sister \u2013 Fairy Tale by the Brothers Grimm<br \/>\nTurned into Verse by Ambrogio Previtali<br \/>\nWith 14 previously unpublished color plates by Diego Bonifaccio, created in the second half of the 1970s.<\/p>\n<p>The fairy tale &#8220;Little Brother and Little Sister&#8221; by the Brothers Grimm has had many visual interpretations. Among the most famous, in a rebound of opposing poles, are those by Arthur Rackham and Ivan J. Bilibin. Here, the fairy tale takes the form of a ballad translated into rhyme and presented in a luxurious format with splendid and vibrant color plates that incorporate the teachings formulated by Vladimir J. Propp. These illustrations consider that while a fairy tale is a parable with a happy ending, suitable for lulling a child to sleep, it is nonetheless always rooted in cruel events and trials.<\/p>\n<p>Thus, if we do not let ourselves be distracted by the sing-song nature of the story and do not stop to admire the colors, the golds, and silvers of the illustrations, we will discover that this tale recounts rites of passage and initiation, which everyone, without witches or cruel spells, has encountered during their own childhood.<\/p>\n<a class=\"read-more-link\" href=\" https:\/\/libriaparte.it\/en\/shop\/fratellino-e-sorellina\/ \">Read More<\/a>","protected":false},"featured_media":26570,"template":"","meta":{"_acf_changed":false},"product_brand":[],"product_cat":[82],"product_tag":[],"class_list":{"0":"post-26561","1":"product","2":"type-product","3":"status-publish","4":"has-post-thumbnail","6":"product_cat-libri-aparte","7":"col-md-4 col-sm-6","9":"first","10":"instock","11":"shipping-taxable","12":"purchasable","13":"product-type-simple"},"acf":[],"yoast_head":"<!-- This site is optimized with the Yoast SEO plugin v27.4 - https:\/\/yoast.com\/product\/yoast-seo-wordpress\/ -->\n<title>Fratellino e Sorellina<\/title>\n<meta name=\"description\" content=\"Turned into Verse by Ambriogio Previtali. Illustrations by\u00a0Diego Bonifaccio (2024) %%sep%% 28 \u20ac %%sep%% The fairy tale &quot;Little Brother and Little Sister&quot; by the Brothers Grimm has had many visual interpretations. Among the most famous, in a rebound of opposing poles, are those by Arthur Rackham and Ivan J. Bilibin. Here, the fairy tale takes the form of a ballad translated into rhyme and presented in a luxurious format with splendid and vibrant color plates that incorporate the teachings formulated by Vladimir J. Propp. These illustrations consider that while a fairy tale is a parable with a happy ending, suitable for lulling a child to sleep, it is nonetheless always rooted in cruel events and trials. Thus, if we do not let ourselves be distracted by the sing-song nature of the story and do not stop to admire the colors, the golds, and silvers of the illustrations, we will discover that this tale recounts rites of passage and initiation, which everyone, without witches or cruel spells, has encountered during their own childhood.\" \/>\n<meta name=\"robots\" content=\"index, follow, max-snippet:-1, max-image-preview:large, max-video-preview:-1\" \/>\n<link rel=\"canonical\" href=\"https:\/\/libriaparte.it\/en\/shop\/fratellino-e-sorellina\/\" \/>\n<meta property=\"og:locale\" content=\"en_GB\" \/>\n<meta property=\"og:locale:alternate\" content=\"it_IT\" \/>\n<meta property=\"og:type\" content=\"article\" \/>\n<meta property=\"og:title\" content=\"Fratellino e Sorellina\" \/>\n<meta property=\"og:description\" content=\"Fratellino e Sorellina - Fiaba dei fratelli Grimm Voltata in versi da Ambrogio Previtali, con 14 tavole a colori di Diego Bonifaccio. La fiaba Fratellino e Sorellina dei fratelli Grimm ha avuto molte interpretazioni figurative. Tra le pi\u00f9 note, in un rimbalzo di poli contrapposti, troviamo quelle di Arthur Rackham e di Ivan J. Bilibin. Qui la fiaba prende la forma di una ballata tradotta in rima e in una veste lussuosa con delle splendide e fiammanti tavole a colori che raccolgono l\u2019insegnamento formulato da Vladimir J. Propp e la considerazione che se una fiaba \u00e8 una parabola con un lieto fine, adatta a conciliare il sonno di un bambino, \u00e8 tuttavia sempre originata da fatti e prove crudeli. Cos\u00ec, se non ci lasciamo distrarre dall\u2019andamento canzonato della storia e non ci fermiamo ad ammirare i colori, gli ori e gli argenti delle figure, scopriremo che qui si racconta di riti di passaggio e di iniziazione, che tutti, senza streghe o incantesimi crudeli, hanno incontrato durante la propria infanzia.\" \/>\n<meta property=\"og:url\" content=\"https:\/\/libriaparte.it\/en\/shop\/fratellino-e-sorellina\/\" \/>\n<meta property=\"og:site_name\" content=\"Libri Aparte\" \/>\n<meta property=\"article:publisher\" content=\"https:\/\/www.facebook.com\/libriaparte\" \/>\n<meta property=\"article:modified_time\" content=\"2024-10-31T09:19:52+00:00\" \/>\n<meta property=\"og:image\" content=\"https:\/\/libriaparte.it\/wp-content\/uploads\/2024\/04\/fratellino-e-sorellina-01c-1.jpg\" \/>\n\t<meta property=\"og:image:width\" content=\"1300\" \/>\n\t<meta property=\"og:image:height\" content=\"1300\" \/>\n\t<meta property=\"og:image:type\" content=\"image\/jpeg\" \/>\n<meta name=\"twitter:card\" content=\"summary_large_image\" \/>\n<meta name=\"twitter:title\" content=\"Fratellino e Sorellina\" \/>\n<meta name=\"twitter:description\" content=\"Fratellino e Sorellina - Fiaba dei fratelli Grimm Voltata in versi da Ambrogio Previtali, con 14 tavole a colori di Diego Bonifaccio. La fiaba Fratellino e Sorellina dei fratelli Grimm ha avuto molte interpretazioni figurative. Tra le pi\u00f9 note, in un rimbalzo di poli contrapposti, troviamo quelle di Arthur Rackham e di Ivan J. Bilibin. Qui la fiaba prende la forma di una ballata tradotta in rima e in una veste lussuosa con delle splendide e fiammanti tavole a colori che raccolgono l\u2019insegnamento formulato da Vladimir J. Propp e la considerazione che se una fiaba \u00e8 una parabola con un lieto fine, adatta a conciliare il sonno di un bambino, \u00e8 tuttavia sempre originata da fatti e prove crudeli. Cos\u00ec, se non ci lasciamo distrarre dall\u2019andamento canzonato della storia e non ci fermiamo ad ammirare i colori, gli ori e gli argenti delle figure, scopriremo che qui si racconta di riti di passaggio e di iniziazione, che tutti, senza streghe o incantesimi crudeli, hanno incontrato durante la propria infanzia.\" \/>\n<meta name=\"twitter:image\" content=\"https:\/\/libriaparte.it\/wp-content\/uploads\/2024\/04\/fratellino-e-sorellina-01c-1.jpg\" \/>\n<meta name=\"twitter:label1\" content=\"Estimated reading time\" \/>\n\t<meta name=\"twitter:data1\" content=\"1 minute\" \/>\n<script type=\"application\/ld+json\" class=\"yoast-schema-graph\">{\"@context\":\"https:\\\/\\\/schema.org\",\"@graph\":[{\"@type\":\"WebPage\",\"@id\":\"https:\\\/\\\/libriaparte.it\\\/en\\\/shop\\\/fratellino-e-sorellina\\\/\",\"url\":\"https:\\\/\\\/libriaparte.it\\\/en\\\/shop\\\/fratellino-e-sorellina\\\/\",\"name\":\"Fratellino e Sorellina\",\"isPartOf\":{\"@id\":\"https:\\\/\\\/libriaparte.it\\\/#website\"},\"primaryImageOfPage\":{\"@id\":\"https:\\\/\\\/libriaparte.it\\\/en\\\/shop\\\/fratellino-e-sorellina\\\/#primaryimage\"},\"image\":{\"@id\":\"https:\\\/\\\/libriaparte.it\\\/en\\\/shop\\\/fratellino-e-sorellina\\\/#primaryimage\"},\"thumbnailUrl\":\"https:\\\/\\\/libriaparte.it\\\/wp-content\\\/uploads\\\/2024\\\/04\\\/fratellino-e-sorellina-01.jpg\",\"datePublished\":\"2024-04-11T09:30:46+00:00\",\"dateModified\":\"2024-10-31T09:19:52+00:00\",\"description\":\"Turned into Verse by Ambriogio Previtali. Illustrations by\u00a0Diego Bonifaccio (2024) - 28 \u20ac - The fairy tale \\\"Little Brother and Little Sister\\\" by the Brothers Grimm has had many visual interpretations. Among the most famous, in a rebound of opposing poles, are those by Arthur Rackham and Ivan J. Bilibin. Here, the fairy tale takes the form of a ballad translated into rhyme and presented in a luxurious format with splendid and vibrant color plates that incorporate the teachings formulated by Vladimir J. Propp. These illustrations consider that while a fairy tale is a parable with a happy ending, suitable for lulling a child to sleep, it is nonetheless always rooted in cruel events and trials. Thus, if we do not let ourselves be distracted by the sing-song nature of the story and do not stop to admire the colors, the golds, and silvers of the illustrations, we will discover that this tale recounts rites of passage and initiation, which everyone, without witches or cruel spells, has encountered during their own childhood.\",\"breadcrumb\":{\"@id\":\"https:\\\/\\\/libriaparte.it\\\/en\\\/shop\\\/fratellino-e-sorellina\\\/#breadcrumb\"},\"inLanguage\":\"en-GB\",\"potentialAction\":[{\"@type\":\"ReadAction\",\"target\":[\"https:\\\/\\\/libriaparte.it\\\/en\\\/shop\\\/fratellino-e-sorellina\\\/\"]}]},{\"@type\":\"ImageObject\",\"inLanguage\":\"en-GB\",\"@id\":\"https:\\\/\\\/libriaparte.it\\\/en\\\/shop\\\/fratellino-e-sorellina\\\/#primaryimage\",\"url\":\"https:\\\/\\\/libriaparte.it\\\/wp-content\\\/uploads\\\/2024\\\/04\\\/fratellino-e-sorellina-01.jpg\",\"contentUrl\":\"https:\\\/\\\/libriaparte.it\\\/wp-content\\\/uploads\\\/2024\\\/04\\\/fratellino-e-sorellina-01.jpg\",\"width\":1200,\"height\":1480},{\"@type\":\"BreadcrumbList\",\"@id\":\"https:\\\/\\\/libriaparte.it\\\/en\\\/shop\\\/fratellino-e-sorellina\\\/#breadcrumb\",\"itemListElement\":[{\"@type\":\"ListItem\",\"position\":1,\"name\":\"Home\",\"item\":\"https:\\\/\\\/libriaparte.it\\\/\"},{\"@type\":\"ListItem\",\"position\":2,\"name\":\"Shop\",\"item\":\"https:\\\/\\\/libriaparte.it\\\/\"},{\"@type\":\"ListItem\",\"position\":3,\"name\":\"Fratellino e Sorellina\"}]},{\"@type\":\"WebSite\",\"@id\":\"https:\\\/\\\/libriaparte.it\\\/#website\",\"url\":\"https:\\\/\\\/libriaparte.it\\\/\",\"name\":\"Libri Aparte\",\"description\":\"The book and its opposite\",\"publisher\":{\"@id\":\"https:\\\/\\\/libriaparte.it\\\/#organization\"},\"potentialAction\":[{\"@type\":\"SearchAction\",\"target\":{\"@type\":\"EntryPoint\",\"urlTemplate\":\"https:\\\/\\\/libriaparte.it\\\/?s={search_term_string}\"},\"query-input\":{\"@type\":\"PropertyValueSpecification\",\"valueRequired\":true,\"valueName\":\"search_term_string\"}}],\"inLanguage\":\"en-GB\"},{\"@type\":\"Organization\",\"@id\":\"https:\\\/\\\/libriaparte.it\\\/#organization\",\"name\":\"Libri Aparte\",\"url\":\"https:\\\/\\\/libriaparte.it\\\/\",\"logo\":{\"@type\":\"ImageObject\",\"inLanguage\":\"en-GB\",\"@id\":\"https:\\\/\\\/libriaparte.it\\\/#\\\/schema\\\/logo\\\/image\\\/\",\"url\":\"https:\\\/\\\/libriaparte.it\\\/wp-content\\\/uploads\\\/2019\\\/02\\\/aparte_logo2.png\",\"contentUrl\":\"https:\\\/\\\/libriaparte.it\\\/wp-content\\\/uploads\\\/2019\\\/02\\\/aparte_logo2.png\",\"width\":196,\"height\":59,\"caption\":\"Libri Aparte\"},\"image\":{\"@id\":\"https:\\\/\\\/libriaparte.it\\\/#\\\/schema\\\/logo\\\/image\\\/\"},\"sameAs\":[\"https:\\\/\\\/www.facebook.com\\\/libriaparte\",\"https:\\\/\\\/www.instagram.com\\\/libriaparte\\\/\"]}]}<\/script>\n<!-- \/ Yoast SEO plugin. -->","yoast_head_json":{"title":"Fratellino e Sorellina","description":"Turned into Verse by Ambriogio Previtali. Illustrations by\u00a0Diego Bonifaccio (2024) %%sep%% 28 \u20ac %%sep%% The fairy tale \"Little Brother and Little Sister\" by the Brothers Grimm has had many visual interpretations. Among the most famous, in a rebound of opposing poles, are those by Arthur Rackham and Ivan J. Bilibin. Here, the fairy tale takes the form of a ballad translated into rhyme and presented in a luxurious format with splendid and vibrant color plates that incorporate the teachings formulated by Vladimir J. Propp. These illustrations consider that while a fairy tale is a parable with a happy ending, suitable for lulling a child to sleep, it is nonetheless always rooted in cruel events and trials. Thus, if we do not let ourselves be distracted by the sing-song nature of the story and do not stop to admire the colors, the golds, and silvers of the illustrations, we will discover that this tale recounts rites of passage and initiation, which everyone, without witches or cruel spells, has encountered during their own childhood.","robots":{"index":"index","follow":"follow","max-snippet":"max-snippet:-1","max-image-preview":"max-image-preview:large","max-video-preview":"max-video-preview:-1"},"canonical":"https:\/\/libriaparte.it\/en\/shop\/fratellino-e-sorellina\/","og_locale":"en_GB","og_type":"article","og_title":"[:it][:en]Fratellino e Sorellina[:it]Fratellino e Sorellina[:] - Libri Aparte[:]","og_description":"[:en]Fratellino e Sorellina - Fiaba dei fratelli Grimm Voltata in versi da Ambrogio Previtali, con 14 tavole a colori di Diego Bonifaccio. La fiaba Fratellino e Sorellina dei fratelli Grimm ha avuto molte interpretazioni figurative. Tra le pi\u00f9 note, in un rimbalzo di poli contrapposti, troviamo quelle di Arthur Rackham e di Ivan J. Bilibin. Qui la fiaba prende la forma di una ballata tradotta in rima e in una veste lussuosa con delle splendide e fiammanti tavole a colori che raccolgono l\u2019insegnamento formulato da Vladimir J. Propp e la considerazione che se una fiaba \u00e8 una parabola con un lieto fine, adatta a conciliare il sonno di un bambino, \u00e8 tuttavia sempre originata da fatti e prove crudeli. Cos\u00ec, se non ci lasciamo distrarre dall\u2019andamento canzonato della storia e non ci fermiamo ad ammirare i colori, gli ori e gli argenti delle figure, scopriremo che qui si racconta di riti di passaggio e di iniziazione, che tutti, senza streghe o incantesimi crudeli, hanno incontrato durante la propria infanzia.[:it]Fratellino e Sorellina - Fiaba dei fratelli Grimm Voltata in versi da Ambrogio Previtali, con 14 tavole a colori di Diego Bonifaccio. La fiaba Fratellino e Sorellina dei fratelli Grimm ha avuto molte interpretazioni figurative. Tra le pi\u00f9 note, in un rimbalzo di poli contrapposti, troviamo quelle di Arthur Rackham e di Ivan J. Bilibin. Qui la fiaba prende la forma di una ballata tradotta in rima e in una veste lussuosa con delle splendide e fiammanti tavole a colori che raccolgono l\u2019insegnamento formulato da Vladimir J. Propp e la considerazione che se una fiaba \u00e8 una parabola con un lieto fine, adatta a conciliare il sonno di un bambino, \u00e8 tuttavia sempre originata da fatti e prove crudeli. Cos\u00ec, se non ci lasciamo distrarre dall\u2019andamento canzonato della storia e non ci fermiamo ad ammirare i colori, gli ori e gli argenti delle figure, scopriremo che qui si racconta di riti di passaggio e di iniziazione, che tutti, senza streghe o incantesimi crudeli, hanno incontrato durante la propria infanzia.[:]","og_url":"https:\/\/libriaparte.it\/en\/shop\/fratellino-e-sorellina\/","og_site_name":"Libri Aparte","article_publisher":"https:\/\/www.facebook.com\/libriaparte","article_modified_time":"2024-10-31T09:19:52+00:00","og_image":[{"width":1300,"height":1300,"url":"https:\/\/libriaparte.it\/wp-content\/uploads\/2024\/04\/fratellino-e-sorellina-01c-1.jpg","type":"image\/jpeg"}],"twitter_card":"summary_large_image","twitter_title":"[:it][:en]Fratellino e Sorellina[:it]Fratellino e Sorellina[:] - Libri Aparte[:]","twitter_description":"[:en]Fratellino e Sorellina - Fiaba dei fratelli Grimm Voltata in versi da Ambrogio Previtali, con 14 tavole a colori di Diego Bonifaccio. La fiaba Fratellino e Sorellina dei fratelli Grimm ha avuto molte interpretazioni figurative. Tra le pi\u00f9 note, in un rimbalzo di poli contrapposti, troviamo quelle di Arthur Rackham e di Ivan J. Bilibin. Qui la fiaba prende la forma di una ballata tradotta in rima e in una veste lussuosa con delle splendide e fiammanti tavole a colori che raccolgono l\u2019insegnamento formulato da Vladimir J. Propp e la considerazione che se una fiaba \u00e8 una parabola con un lieto fine, adatta a conciliare il sonno di un bambino, \u00e8 tuttavia sempre originata da fatti e prove crudeli. Cos\u00ec, se non ci lasciamo distrarre dall\u2019andamento canzonato della storia e non ci fermiamo ad ammirare i colori, gli ori e gli argenti delle figure, scopriremo che qui si racconta di riti di passaggio e di iniziazione, che tutti, senza streghe o incantesimi crudeli, hanno incontrato durante la propria infanzia.[:it]Fratellino e Sorellina - Fiaba dei fratelli Grimm Voltata in versi da Ambrogio Previtali, con 14 tavole a colori di Diego Bonifaccio. La fiaba Fratellino e Sorellina dei fratelli Grimm ha avuto molte interpretazioni figurative. Tra le pi\u00f9 note, in un rimbalzo di poli contrapposti, troviamo quelle di Arthur Rackham e di Ivan J. Bilibin. Qui la fiaba prende la forma di una ballata tradotta in rima e in una veste lussuosa con delle splendide e fiammanti tavole a colori che raccolgono l\u2019insegnamento formulato da Vladimir J. Propp e la considerazione che se una fiaba \u00e8 una parabola con un lieto fine, adatta a conciliare il sonno di un bambino, \u00e8 tuttavia sempre originata da fatti e prove crudeli. Cos\u00ec, se non ci lasciamo distrarre dall\u2019andamento canzonato della storia e non ci fermiamo ad ammirare i colori, gli ori e gli argenti delle figure, scopriremo che qui si racconta di riti di passaggio e di iniziazione, che tutti, senza streghe o incantesimi crudeli, hanno incontrato durante la propria infanzia.[:]","twitter_image":"https:\/\/libriaparte.it\/wp-content\/uploads\/2024\/04\/fratellino-e-sorellina-01c-1.jpg","twitter_misc":{"Estimated reading time":"1 minute"},"schema":{"@context":"https:\/\/schema.org","@graph":[{"@type":"WebPage","@id":"https:\/\/libriaparte.it\/en\/shop\/fratellino-e-sorellina\/","url":"https:\/\/libriaparte.it\/en\/shop\/fratellino-e-sorellina\/","name":"Fratellino e Sorellina","isPartOf":{"@id":"https:\/\/libriaparte.it\/#website"},"primaryImageOfPage":{"@id":"https:\/\/libriaparte.it\/en\/shop\/fratellino-e-sorellina\/#primaryimage"},"image":{"@id":"https:\/\/libriaparte.it\/en\/shop\/fratellino-e-sorellina\/#primaryimage"},"thumbnailUrl":"https:\/\/libriaparte.it\/wp-content\/uploads\/2024\/04\/fratellino-e-sorellina-01.jpg","datePublished":"2024-04-11T09:30:46+00:00","dateModified":"2024-10-31T09:19:52+00:00","description":"Turned into Verse by Ambriogio Previtali. Illustrations by\u00a0Diego Bonifaccio (2024) - 28 \u20ac - The fairy tale \"Little Brother and Little Sister\" by the Brothers Grimm has had many visual interpretations. Among the most famous, in a rebound of opposing poles, are those by Arthur Rackham and Ivan J. Bilibin. Here, the fairy tale takes the form of a ballad translated into rhyme and presented in a luxurious format with splendid and vibrant color plates that incorporate the teachings formulated by Vladimir J. Propp. These illustrations consider that while a fairy tale is a parable with a happy ending, suitable for lulling a child to sleep, it is nonetheless always rooted in cruel events and trials. Thus, if we do not let ourselves be distracted by the sing-song nature of the story and do not stop to admire the colors, the golds, and silvers of the illustrations, we will discover that this tale recounts rites of passage and initiation, which everyone, without witches or cruel spells, has encountered during their own childhood.","breadcrumb":{"@id":"https:\/\/libriaparte.it\/en\/shop\/fratellino-e-sorellina\/#breadcrumb"},"inLanguage":"en-GB","potentialAction":[{"@type":"ReadAction","target":["https:\/\/libriaparte.it\/en\/shop\/fratellino-e-sorellina\/"]}]},{"@type":"ImageObject","inLanguage":"en-GB","@id":"https:\/\/libriaparte.it\/en\/shop\/fratellino-e-sorellina\/#primaryimage","url":"https:\/\/libriaparte.it\/wp-content\/uploads\/2024\/04\/fratellino-e-sorellina-01.jpg","contentUrl":"https:\/\/libriaparte.it\/wp-content\/uploads\/2024\/04\/fratellino-e-sorellina-01.jpg","width":1200,"height":1480},{"@type":"BreadcrumbList","@id":"https:\/\/libriaparte.it\/en\/shop\/fratellino-e-sorellina\/#breadcrumb","itemListElement":[{"@type":"ListItem","position":1,"name":"Home","item":"https:\/\/libriaparte.it\/"},{"@type":"ListItem","position":2,"name":"Shop","item":"https:\/\/libriaparte.it\/"},{"@type":"ListItem","position":3,"name":"Fratellino e Sorellina"}]},{"@type":"WebSite","@id":"https:\/\/libriaparte.it\/#website","url":"https:\/\/libriaparte.it\/","name":"Libri Aparte","description":"The book and its opposite","publisher":{"@id":"https:\/\/libriaparte.it\/#organization"},"potentialAction":[{"@type":"SearchAction","target":{"@type":"EntryPoint","urlTemplate":"https:\/\/libriaparte.it\/?s={search_term_string}"},"query-input":{"@type":"PropertyValueSpecification","valueRequired":true,"valueName":"search_term_string"}}],"inLanguage":"en-GB"},{"@type":"Organization","@id":"https:\/\/libriaparte.it\/#organization","name":"Libri Aparte","url":"https:\/\/libriaparte.it\/","logo":{"@type":"ImageObject","inLanguage":"en-GB","@id":"https:\/\/libriaparte.it\/#\/schema\/logo\/image\/","url":"https:\/\/libriaparte.it\/wp-content\/uploads\/2019\/02\/aparte_logo2.png","contentUrl":"https:\/\/libriaparte.it\/wp-content\/uploads\/2019\/02\/aparte_logo2.png","width":196,"height":59,"caption":"Libri Aparte"},"image":{"@id":"https:\/\/libriaparte.it\/#\/schema\/logo\/image\/"},"sameAs":["https:\/\/www.facebook.com\/libriaparte","https:\/\/www.instagram.com\/libriaparte\/"]}]}},"_links":{"self":[{"href":"https:\/\/libriaparte.it\/en\/wp-json\/wp\/v2\/product\/26561","targetHints":{"allow":["GET"]}}],"collection":[{"href":"https:\/\/libriaparte.it\/en\/wp-json\/wp\/v2\/product"}],"about":[{"href":"https:\/\/libriaparte.it\/en\/wp-json\/wp\/v2\/types\/product"}],"wp:featuredmedia":[{"embeddable":true,"href":"https:\/\/libriaparte.it\/en\/wp-json\/wp\/v2\/media\/26570"}],"wp:attachment":[{"href":"https:\/\/libriaparte.it\/en\/wp-json\/wp\/v2\/media?parent=26561"}],"wp:term":[{"taxonomy":"product_brand","embeddable":true,"href":"https:\/\/libriaparte.it\/en\/wp-json\/wp\/v2\/product_brand?post=26561"},{"taxonomy":"product_cat","embeddable":true,"href":"https:\/\/libriaparte.it\/en\/wp-json\/wp\/v2\/product_cat?post=26561"},{"taxonomy":"product_tag","embeddable":true,"href":"https:\/\/libriaparte.it\/en\/wp-json\/wp\/v2\/product_tag?post=26561"}],"curies":[{"name":"wp","href":"https:\/\/api.w.org\/{rel}","templated":true}]}}