{"id":26586,"date":"2024-05-20T09:43:12","date_gmt":"2024-05-20T07:43:12","guid":{"rendered":"https:\/\/libriaparte.it\/en\/?post_type=product&#038;p=26586"},"modified":"2026-02-12T08:56:26","modified_gmt":"2026-02-12T07:56:26","slug":"contenuti-e-metodi","status":"publish","type":"product","link":"https:\/\/libriaparte.it\/en\/shop\/contenuti-e-metodi\/","title":{"rendered":"Content and Methods for the Promotion of Puppet Theatre"},"content":{"rendered":"<p><b>Index code <\/b>LA37<\/p>\n<p><b>Release <\/b>May 2024<\/p>\n<p><strong>ISBN<\/strong> 978-88-95059-53-2<\/p>\n<p><strong>Features<\/strong> Soft cover, 17&#215;24 cm<\/p>\n<p><strong>Pages<\/strong> 104<\/p>\n<p><strong>Images<\/strong> 20 color<\/p>\n<p><b>Language: <\/b>Italian<\/p>\n<p><strong>Texts by<\/strong>\u00a0Chiara Bettinelli, Elisabetta Boschini e Sophie Hames, Sara Cavalleri, Alfonso Cipolla, Daniele Cortesi e Mariateresa Zanoni, Cristina Loglio, Lucia Miazzo, Fabrizio Montecchi, Roberta Navoni, Daniela Obiso, Alessio Palmieri Marinoni, Paolo Parmeggiani, Sergio Ravasio, Cristina Rodeschini, Federico Romani, Annalisa Rossi<\/p>\n<p><strong>Curated by<\/strong> Cristina Loglio<\/p>\n","protected":false},"excerpt":{"rendered":"<p>This publication traces the steps and reflections that enabled the Benedetto Ravasio Foundation to create the Puppet Museum in Bergamo and develop the activities of the Miriam Ravasio Study Center for Puppet Theatre.<\/p>\n<p>The selection of content and the working method adopted during the years of preparation and implementation (Chiara Bettinelli) are evaluated in comparison with existing museums (Alfonso Cipolla), also considering the international context, often interdisciplinary in nature, encompassing theatre, literature, and cinema (Paolo Parmiggiani).<\/p>\n<p>The focus is on the testimonies of the family (Sergio Ravasio) that for thirty years has safeguarded, collected, and supported the development of Puppet Theatre, becoming a nucleus and catalyst for memory and rediscovery of the role of Puppet Theatre in the social and cultural fabric of the community in Bergamo, in strong connection with other regional and national traditions.<\/p>\n<p>Those who continue the tradition today (Daniele Cortesi) explain its significance, while related fields unfold, thanks to the Study Center (Alessio Palmieri Marinoni): issues of restoration (Lucia Miazzo), photographic specificity (Sara Cavalleri), pedagogical and clinical use (Roberta Navoni, Sophie Hames, Elisabetta Boschini), and experimental collaboration with museums (Cristina Rodeschini).<\/p>\n<p>The preface (Annalisa Rossi) defines archival preservation of the heritage as the first act of enhancing the cultural project.<\/p>\n<a class=\"read-more-link\" href=\" https:\/\/libriaparte.it\/en\/shop\/contenuti-e-metodi\/ \">Read More<\/a>","protected":false},"featured_media":26656,"template":"","meta":{"_acf_changed":false},"product_brand":[],"product_cat":[82],"product_tag":[229],"class_list":{"0":"post-26586","1":"product","2":"type-product","3":"status-publish","4":"has-post-thumbnail","6":"product_cat-libri-aparte","7":"product_tag-burattini","8":"col-md-4 col-sm-6","10":"first","11":"instock","12":"shipping-taxable","13":"purchasable","14":"product-type-simple"},"acf":[],"yoast_head":"<!-- This site is optimized with the Yoast SEO plugin v27.4 - https:\/\/yoast.com\/product\/yoast-seo-wordpress\/ -->\n<title>Content and Methods for the Promotion of Puppet Theatre<\/title>\n<meta name=\"description\" content=\"(2024) %%sep%% This publication traces the steps and reflections that enabled the Benedetto Ravasio Foundation to create the Puppet Museum in Bergamo and develop the activities of the Miriam Ravasio Study Center for Puppet Theatre. The selection of content and the working method adopted during the years of preparation and implementation (Chiara Bettinelli) are evaluated in comparison with existing museums (Alfonso Cipolla), also considering the international context, often interdisciplinary in nature, encompassing theatre, literature, and cinema (Paolo Parmiggiani). The focus is on the testimonies of the family (Sergio Ravasio) that for thirty years has safeguarded, collected, and supported the development of Puppet Theatre, becoming a nucleus and catalyst for memory and rediscovery of the role of Puppet Theatre in the social and cultural fabric of the community in Bergamo, in strong connection with other regional and national traditions. Those who continue the tradition today (Daniele Cortesi) explain its significance, while related fields unfold, thanks to the Study Center (Alessio Palmieri Marinoni): issues of restoration (Lucia Miazzo), photographic specificity (Sara Cavalleri), pedagogical and clinical use (Roberta Navoni, Sophie Hames, Elisabetta Boschini), and experimental collaboration with museums (Cristina Rodeschini). The preface (Annalisa Rossi) defines archival preservation of the heritage as the first act of enhancing the cultural project.\" \/>\n<meta name=\"robots\" content=\"index, follow, max-snippet:-1, max-image-preview:large, max-video-preview:-1\" \/>\n<link rel=\"canonical\" href=\"https:\/\/libriaparte.it\/en\/shop\/contenuti-e-metodi\/\" \/>\n<meta property=\"og:locale\" content=\"en_GB\" \/>\n<meta property=\"og:locale:alternate\" content=\"it_IT\" \/>\n<meta property=\"og:type\" content=\"article\" \/>\n<meta property=\"og:title\" content=\"Content and Methods for the Promotion of Puppet Theatre\" \/>\n<meta property=\"og:description\" content=\"Fratellino e Sorellina - Fiaba dei fratelli Grimm Voltata in versi da Ambrogio Previtali, con 14 tavole a colori di Diego Bonifaccio. La fiaba Fratellino e Sorellina dei fratelli Grimm ha avuto molte interpretazioni figurative. Tra le pi\u00f9 note, in un rimbalzo di poli contrapposti, troviamo quelle di Arthur Rackham e di Ivan J. Bilibin. Qui la fiaba prende la forma di una ballata tradotta in rima e in una veste lussuosa con delle splendide e fiammanti tavole a colori che raccolgono l\u2019insegnamento formulato da Vladimir J. Propp e la considerazione che se una fiaba \u00e8 una parabola con un lieto fine, adatta a conciliare il sonno di un bambino, \u00e8 tuttavia sempre originata da fatti e prove crudeli. Cos\u00ec, se non ci lasciamo distrarre dall\u2019andamento canzonato della storia e non ci fermiamo ad ammirare i colori, gli ori e gli argenti delle figure, scopriremo che qui si racconta di riti di passaggio e di iniziazione, che tutti, senza streghe o incantesimi crudeli, hanno incontrato durante la propria infanzia.\" \/>\n<meta property=\"og:url\" content=\"https:\/\/libriaparte.it\/en\/shop\/contenuti-e-metodi\/\" \/>\n<meta property=\"og:site_name\" content=\"Libri Aparte\" \/>\n<meta property=\"article:publisher\" content=\"https:\/\/www.facebook.com\/libriaparte\" \/>\n<meta property=\"article:modified_time\" content=\"2026-02-12T07:56:26+00:00\" \/>\n<meta property=\"og:image\" content=\"https:\/\/libriaparte.it\/wp-content\/uploads\/2024\/05\/contenuti-e-metodi-01c.jpg\" \/>\n\t<meta property=\"og:image:width\" content=\"1300\" \/>\n\t<meta property=\"og:image:height\" content=\"1300\" \/>\n\t<meta property=\"og:image:type\" content=\"image\/jpeg\" \/>\n<meta name=\"twitter:card\" content=\"summary_large_image\" \/>\n<meta name=\"twitter:title\" content=\"Content and Methods for the Promotion of Puppet Theatre\" \/>\n<meta name=\"twitter:description\" content=\"Fratellino e Sorellina - Fiaba dei fratelli Grimm Voltata in versi da Ambrogio Previtali, con 14 tavole a colori di Diego Bonifaccio. La fiaba Fratellino e Sorellina dei fratelli Grimm ha avuto molte interpretazioni figurative. Tra le pi\u00f9 note, in un rimbalzo di poli contrapposti, troviamo quelle di Arthur Rackham e di Ivan J. Bilibin. Qui la fiaba prende la forma di una ballata tradotta in rima e in una veste lussuosa con delle splendide e fiammanti tavole a colori che raccolgono l\u2019insegnamento formulato da Vladimir J. Propp e la considerazione che se una fiaba \u00e8 una parabola con un lieto fine, adatta a conciliare il sonno di un bambino, \u00e8 tuttavia sempre originata da fatti e prove crudeli. Cos\u00ec, se non ci lasciamo distrarre dall\u2019andamento canzonato della storia e non ci fermiamo ad ammirare i colori, gli ori e gli argenti delle figure, scopriremo che qui si racconta di riti di passaggio e di iniziazione, che tutti, senza streghe o incantesimi crudeli, hanno incontrato durante la propria infanzia.\" \/>\n<meta name=\"twitter:image\" content=\"https:\/\/libriaparte.it\/wp-content\/uploads\/2024\/05\/contenuti-e-metodi-01c.jpg\" \/>\n<meta name=\"twitter:label1\" content=\"Estimated reading time\" \/>\n\t<meta name=\"twitter:data1\" content=\"1 minute\" \/>\n<script type=\"application\/ld+json\" class=\"yoast-schema-graph\">{\"@context\":\"https:\\\/\\\/schema.org\",\"@graph\":[{\"@type\":\"WebPage\",\"@id\":\"https:\\\/\\\/libriaparte.it\\\/en\\\/shop\\\/contenuti-e-metodi\\\/\",\"url\":\"https:\\\/\\\/libriaparte.it\\\/en\\\/shop\\\/contenuti-e-metodi\\\/\",\"name\":\"Content and Methods for the Promotion of Puppet Theatre\",\"isPartOf\":{\"@id\":\"https:\\\/\\\/libriaparte.it\\\/#website\"},\"primaryImageOfPage\":{\"@id\":\"https:\\\/\\\/libriaparte.it\\\/en\\\/shop\\\/contenuti-e-metodi\\\/#primaryimage\"},\"image\":{\"@id\":\"https:\\\/\\\/libriaparte.it\\\/en\\\/shop\\\/contenuti-e-metodi\\\/#primaryimage\"},\"thumbnailUrl\":\"https:\\\/\\\/libriaparte.it\\\/wp-content\\\/uploads\\\/2024\\\/05\\\/contenuti-e-metodi-01.jpg\",\"datePublished\":\"2024-05-20T07:43:12+00:00\",\"dateModified\":\"2026-02-12T07:56:26+00:00\",\"description\":\"(2024) - This publication traces the steps and reflections that enabled the Benedetto Ravasio Foundation to create the Puppet Museum in Bergamo and develop the activities of the Miriam Ravasio Study Center for Puppet Theatre. The selection of content and the working method adopted during the years of preparation and implementation (Chiara Bettinelli) are evaluated in comparison with existing museums (Alfonso Cipolla), also considering the international context, often interdisciplinary in nature, encompassing theatre, literature, and cinema (Paolo Parmiggiani). The focus is on the testimonies of the family (Sergio Ravasio) that for thirty years has safeguarded, collected, and supported the development of Puppet Theatre, becoming a nucleus and catalyst for memory and rediscovery of the role of Puppet Theatre in the social and cultural fabric of the community in Bergamo, in strong connection with other regional and national traditions. Those who continue the tradition today (Daniele Cortesi) explain its significance, while related fields unfold, thanks to the Study Center (Alessio Palmieri Marinoni): issues of restoration (Lucia Miazzo), photographic specificity (Sara Cavalleri), pedagogical and clinical use (Roberta Navoni, Sophie Hames, Elisabetta Boschini), and experimental collaboration with museums (Cristina Rodeschini). The preface (Annalisa Rossi) defines archival preservation of the heritage as the first act of enhancing the cultural project.\",\"breadcrumb\":{\"@id\":\"https:\\\/\\\/libriaparte.it\\\/en\\\/shop\\\/contenuti-e-metodi\\\/#breadcrumb\"},\"inLanguage\":\"en-GB\",\"potentialAction\":[{\"@type\":\"ReadAction\",\"target\":[\"https:\\\/\\\/libriaparte.it\\\/en\\\/shop\\\/contenuti-e-metodi\\\/\"]}]},{\"@type\":\"ImageObject\",\"inLanguage\":\"en-GB\",\"@id\":\"https:\\\/\\\/libriaparte.it\\\/en\\\/shop\\\/contenuti-e-metodi\\\/#primaryimage\",\"url\":\"https:\\\/\\\/libriaparte.it\\\/wp-content\\\/uploads\\\/2024\\\/05\\\/contenuti-e-metodi-01.jpg\",\"contentUrl\":\"https:\\\/\\\/libriaparte.it\\\/wp-content\\\/uploads\\\/2024\\\/05\\\/contenuti-e-metodi-01.jpg\",\"width\":1200,\"height\":1480},{\"@type\":\"BreadcrumbList\",\"@id\":\"https:\\\/\\\/libriaparte.it\\\/en\\\/shop\\\/contenuti-e-metodi\\\/#breadcrumb\",\"itemListElement\":[{\"@type\":\"ListItem\",\"position\":1,\"name\":\"Home\",\"item\":\"https:\\\/\\\/libriaparte.it\\\/\"},{\"@type\":\"ListItem\",\"position\":2,\"name\":\"Shop\",\"item\":\"https:\\\/\\\/libriaparte.it\\\/\"},{\"@type\":\"ListItem\",\"position\":3,\"name\":\"Content and Methods for the Promotion of Puppet Theatre\"}]},{\"@type\":\"WebSite\",\"@id\":\"https:\\\/\\\/libriaparte.it\\\/#website\",\"url\":\"https:\\\/\\\/libriaparte.it\\\/\",\"name\":\"Libri Aparte\",\"description\":\"The book and its opposite\",\"publisher\":{\"@id\":\"https:\\\/\\\/libriaparte.it\\\/#organization\"},\"potentialAction\":[{\"@type\":\"SearchAction\",\"target\":{\"@type\":\"EntryPoint\",\"urlTemplate\":\"https:\\\/\\\/libriaparte.it\\\/?s={search_term_string}\"},\"query-input\":{\"@type\":\"PropertyValueSpecification\",\"valueRequired\":true,\"valueName\":\"search_term_string\"}}],\"inLanguage\":\"en-GB\"},{\"@type\":\"Organization\",\"@id\":\"https:\\\/\\\/libriaparte.it\\\/#organization\",\"name\":\"Libri Aparte\",\"url\":\"https:\\\/\\\/libriaparte.it\\\/\",\"logo\":{\"@type\":\"ImageObject\",\"inLanguage\":\"en-GB\",\"@id\":\"https:\\\/\\\/libriaparte.it\\\/#\\\/schema\\\/logo\\\/image\\\/\",\"url\":\"https:\\\/\\\/libriaparte.it\\\/wp-content\\\/uploads\\\/2019\\\/02\\\/aparte_logo2.png\",\"contentUrl\":\"https:\\\/\\\/libriaparte.it\\\/wp-content\\\/uploads\\\/2019\\\/02\\\/aparte_logo2.png\",\"width\":196,\"height\":59,\"caption\":\"Libri Aparte\"},\"image\":{\"@id\":\"https:\\\/\\\/libriaparte.it\\\/#\\\/schema\\\/logo\\\/image\\\/\"},\"sameAs\":[\"https:\\\/\\\/www.facebook.com\\\/libriaparte\",\"https:\\\/\\\/www.instagram.com\\\/libriaparte\\\/\"]}]}<\/script>\n<!-- \/ Yoast SEO plugin. -->","yoast_head_json":{"title":"Content and Methods for the Promotion of Puppet Theatre","description":"(2024) %%sep%% This publication traces the steps and reflections that enabled the Benedetto Ravasio Foundation to create the Puppet Museum in Bergamo and develop the activities of the Miriam Ravasio Study Center for Puppet Theatre. The selection of content and the working method adopted during the years of preparation and implementation (Chiara Bettinelli) are evaluated in comparison with existing museums (Alfonso Cipolla), also considering the international context, often interdisciplinary in nature, encompassing theatre, literature, and cinema (Paolo Parmiggiani). The focus is on the testimonies of the family (Sergio Ravasio) that for thirty years has safeguarded, collected, and supported the development of Puppet Theatre, becoming a nucleus and catalyst for memory and rediscovery of the role of Puppet Theatre in the social and cultural fabric of the community in Bergamo, in strong connection with other regional and national traditions. Those who continue the tradition today (Daniele Cortesi) explain its significance, while related fields unfold, thanks to the Study Center (Alessio Palmieri Marinoni): issues of restoration (Lucia Miazzo), photographic specificity (Sara Cavalleri), pedagogical and clinical use (Roberta Navoni, Sophie Hames, Elisabetta Boschini), and experimental collaboration with museums (Cristina Rodeschini). The preface (Annalisa Rossi) defines archival preservation of the heritage as the first act of enhancing the cultural project.","robots":{"index":"index","follow":"follow","max-snippet":"max-snippet:-1","max-image-preview":"max-image-preview:large","max-video-preview":"max-video-preview:-1"},"canonical":"https:\/\/libriaparte.it\/en\/shop\/contenuti-e-metodi\/","og_locale":"en_GB","og_type":"article","og_title":"[:it][:en]Content and Methods for the Promotion of Puppet Theatre[:it]Contenuti e metodi per la promozione del Teatro di figura[:] - Libri Aparte[:]","og_description":"[:en]Fratellino e Sorellina - Fiaba dei fratelli Grimm Voltata in versi da Ambrogio Previtali, con 14 tavole a colori di Diego Bonifaccio. La fiaba Fratellino e Sorellina dei fratelli Grimm ha avuto molte interpretazioni figurative. Tra le pi\u00f9 note, in un rimbalzo di poli contrapposti, troviamo quelle di Arthur Rackham e di Ivan J. Bilibin. Qui la fiaba prende la forma di una ballata tradotta in rima e in una veste lussuosa con delle splendide e fiammanti tavole a colori che raccolgono l\u2019insegnamento formulato da Vladimir J. Propp e la considerazione che se una fiaba \u00e8 una parabola con un lieto fine, adatta a conciliare il sonno di un bambino, \u00e8 tuttavia sempre originata da fatti e prove crudeli. Cos\u00ec, se non ci lasciamo distrarre dall\u2019andamento canzonato della storia e non ci fermiamo ad ammirare i colori, gli ori e gli argenti delle figure, scopriremo che qui si racconta di riti di passaggio e di iniziazione, che tutti, senza streghe o incantesimi crudeli, hanno incontrato durante la propria infanzia.[:it]La pubblicazione ripercorrere i passaggi e le riflessioni che hanno reso possibile alla Fondazione Benedetto Ravasio la creazione del Museo del Burattino di Bergamo e l\u2019articolazione delle attivit\u00e0 del Centro Studi per il Teatro di figura Miriam Ravasio. La selezione dei contenuti e il metodo di lavoro adottati negli anni della preparazione e dell\u2019implementazione (Chiara Bettinelli), si misurano con i musei gi\u00e0 operanti (Alfonso Cipolla), tenendo conto anche del contesto internazionale, spesso di carattere interdisciplinare tra teatro, letteratura e cinema (Paolo Parmiggiani). Il focus \u00e8 riservato alle testimonianze della famiglia (Sergio Ravasio) che per trent\u2019anni ha salvaguardato, raccolto, sostenuto il farsi del Teatro di burattini, divenendo nucleo e catalizzatore di memoria e riscoperta, a Bergamo, del ruolo del Teatro di figura nel tessuto sociale e culturale della comunit\u00e0, in forte relazione con le altre tradizioni regionali e nazionali. Chi oggi continua la tradizione (Daniele Cortesi) ne spiega il senso, mentre si dispiegano gli ambiti collegati, grazie al Centro Studi (Alessio Palmieri Marinoni): le problematiche di restauro (Lucia Miazzo), lo specifico fotografico (Sara Cavalleri), l\u2019uso pedagogico e clinico (Roberta Navoni, Sophie Hames, Elisabetta Boschini), la sperimentazione di collaborazione con i musei (Cristina Rodeschini). La prefazione (Annalisa Rossi) definisce la tutela archivistica del patrimonio come primo atto di valorizzazione del progetto culturale.[:]","og_url":"https:\/\/libriaparte.it\/en\/shop\/contenuti-e-metodi\/","og_site_name":"Libri Aparte","article_publisher":"https:\/\/www.facebook.com\/libriaparte","article_modified_time":"2026-02-12T07:56:26+00:00","og_image":[{"width":1300,"height":1300,"url":"https:\/\/libriaparte.it\/wp-content\/uploads\/2024\/05\/contenuti-e-metodi-01c.jpg","type":"image\/jpeg"}],"twitter_card":"summary_large_image","twitter_title":"[:it][:en]Content and Methods for the Promotion of Puppet Theatre[:it]Contenuti e metodi per la promozione del Teatro di figura[:] - Libri Aparte[:]","twitter_description":"[:en]Fratellino e Sorellina - Fiaba dei fratelli Grimm Voltata in versi da Ambrogio Previtali, con 14 tavole a colori di Diego Bonifaccio. La fiaba Fratellino e Sorellina dei fratelli Grimm ha avuto molte interpretazioni figurative. Tra le pi\u00f9 note, in un rimbalzo di poli contrapposti, troviamo quelle di Arthur Rackham e di Ivan J. Bilibin. Qui la fiaba prende la forma di una ballata tradotta in rima e in una veste lussuosa con delle splendide e fiammanti tavole a colori che raccolgono l\u2019insegnamento formulato da Vladimir J. Propp e la considerazione che se una fiaba \u00e8 una parabola con un lieto fine, adatta a conciliare il sonno di un bambino, \u00e8 tuttavia sempre originata da fatti e prove crudeli. Cos\u00ec, se non ci lasciamo distrarre dall\u2019andamento canzonato della storia e non ci fermiamo ad ammirare i colori, gli ori e gli argenti delle figure, scopriremo che qui si racconta di riti di passaggio e di iniziazione, che tutti, senza streghe o incantesimi crudeli, hanno incontrato durante la propria infanzia.[:it]La pubblicazione ripercorrere i passaggi e le riflessioni che hanno reso possibile alla Fondazione Benedetto Ravasio la creazione del Museo del Burattino di Bergamo e l\u2019articolazione delle attivit\u00e0 del Centro Studi per il Teatro di figura Miriam Ravasio. La selezione dei contenuti e il metodo di lavoro adottati negli anni della preparazione e dell\u2019implementazione (Chiara Bettinelli), si misurano con i musei gi\u00e0 operanti (Alfonso Cipolla), tenendo conto anche del contesto internazionale, spesso di carattere interdisciplinare tra teatro, letteratura e cinema (Paolo Parmiggiani). Il focus \u00e8 riservato alle testimonianze della famiglia (Sergio Ravasio) che per trent\u2019anni ha salvaguardato, raccolto, sostenuto il farsi del Teatro di burattini, divenendo nucleo e catalizzatore di memoria e riscoperta, a Bergamo, del ruolo del Teatro di figura nel tessuto sociale e culturale della comunit\u00e0, in forte relazione con le altre tradizioni regionali e nazionali. Chi oggi continua la tradizione (Daniele Cortesi) ne spiega il senso, mentre si dispiegano gli ambiti collegati, grazie al Centro Studi (Alessio Palmieri Marinoni): le problematiche di restauro (Lucia Miazzo), lo specifico fotografico (Sara Cavalleri), l\u2019uso pedagogico e clinico (Roberta Navoni, Sophie Hames, Elisabetta Boschini), la sperimentazione di collaborazione con i musei (Cristina Rodeschini). La prefazione (Annalisa Rossi) definisce la tutela archivistica del patrimonio come primo atto di valorizzazione del progetto culturale.[:]","twitter_image":"https:\/\/libriaparte.it\/wp-content\/uploads\/2024\/05\/contenuti-e-metodi-01c.jpg","twitter_misc":{"Estimated reading time":"1 minute"},"schema":{"@context":"https:\/\/schema.org","@graph":[{"@type":"WebPage","@id":"https:\/\/libriaparte.it\/en\/shop\/contenuti-e-metodi\/","url":"https:\/\/libriaparte.it\/en\/shop\/contenuti-e-metodi\/","name":"Content and Methods for the Promotion of Puppet Theatre","isPartOf":{"@id":"https:\/\/libriaparte.it\/#website"},"primaryImageOfPage":{"@id":"https:\/\/libriaparte.it\/en\/shop\/contenuti-e-metodi\/#primaryimage"},"image":{"@id":"https:\/\/libriaparte.it\/en\/shop\/contenuti-e-metodi\/#primaryimage"},"thumbnailUrl":"https:\/\/libriaparte.it\/wp-content\/uploads\/2024\/05\/contenuti-e-metodi-01.jpg","datePublished":"2024-05-20T07:43:12+00:00","dateModified":"2026-02-12T07:56:26+00:00","description":"(2024) - This publication traces the steps and reflections that enabled the Benedetto Ravasio Foundation to create the Puppet Museum in Bergamo and develop the activities of the Miriam Ravasio Study Center for Puppet Theatre. The selection of content and the working method adopted during the years of preparation and implementation (Chiara Bettinelli) are evaluated in comparison with existing museums (Alfonso Cipolla), also considering the international context, often interdisciplinary in nature, encompassing theatre, literature, and cinema (Paolo Parmiggiani). The focus is on the testimonies of the family (Sergio Ravasio) that for thirty years has safeguarded, collected, and supported the development of Puppet Theatre, becoming a nucleus and catalyst for memory and rediscovery of the role of Puppet Theatre in the social and cultural fabric of the community in Bergamo, in strong connection with other regional and national traditions. Those who continue the tradition today (Daniele Cortesi) explain its significance, while related fields unfold, thanks to the Study Center (Alessio Palmieri Marinoni): issues of restoration (Lucia Miazzo), photographic specificity (Sara Cavalleri), pedagogical and clinical use (Roberta Navoni, Sophie Hames, Elisabetta Boschini), and experimental collaboration with museums (Cristina Rodeschini). The preface (Annalisa Rossi) defines archival preservation of the heritage as the first act of enhancing the cultural project.","breadcrumb":{"@id":"https:\/\/libriaparte.it\/en\/shop\/contenuti-e-metodi\/#breadcrumb"},"inLanguage":"en-GB","potentialAction":[{"@type":"ReadAction","target":["https:\/\/libriaparte.it\/en\/shop\/contenuti-e-metodi\/"]}]},{"@type":"ImageObject","inLanguage":"en-GB","@id":"https:\/\/libriaparte.it\/en\/shop\/contenuti-e-metodi\/#primaryimage","url":"https:\/\/libriaparte.it\/wp-content\/uploads\/2024\/05\/contenuti-e-metodi-01.jpg","contentUrl":"https:\/\/libriaparte.it\/wp-content\/uploads\/2024\/05\/contenuti-e-metodi-01.jpg","width":1200,"height":1480},{"@type":"BreadcrumbList","@id":"https:\/\/libriaparte.it\/en\/shop\/contenuti-e-metodi\/#breadcrumb","itemListElement":[{"@type":"ListItem","position":1,"name":"Home","item":"https:\/\/libriaparte.it\/"},{"@type":"ListItem","position":2,"name":"Shop","item":"https:\/\/libriaparte.it\/"},{"@type":"ListItem","position":3,"name":"Content and Methods for the Promotion of Puppet Theatre"}]},{"@type":"WebSite","@id":"https:\/\/libriaparte.it\/#website","url":"https:\/\/libriaparte.it\/","name":"Libri Aparte","description":"The book and its opposite","publisher":{"@id":"https:\/\/libriaparte.it\/#organization"},"potentialAction":[{"@type":"SearchAction","target":{"@type":"EntryPoint","urlTemplate":"https:\/\/libriaparte.it\/?s={search_term_string}"},"query-input":{"@type":"PropertyValueSpecification","valueRequired":true,"valueName":"search_term_string"}}],"inLanguage":"en-GB"},{"@type":"Organization","@id":"https:\/\/libriaparte.it\/#organization","name":"Libri Aparte","url":"https:\/\/libriaparte.it\/","logo":{"@type":"ImageObject","inLanguage":"en-GB","@id":"https:\/\/libriaparte.it\/#\/schema\/logo\/image\/","url":"https:\/\/libriaparte.it\/wp-content\/uploads\/2019\/02\/aparte_logo2.png","contentUrl":"https:\/\/libriaparte.it\/wp-content\/uploads\/2019\/02\/aparte_logo2.png","width":196,"height":59,"caption":"Libri Aparte"},"image":{"@id":"https:\/\/libriaparte.it\/#\/schema\/logo\/image\/"},"sameAs":["https:\/\/www.facebook.com\/libriaparte","https:\/\/www.instagram.com\/libriaparte\/"]}]}},"_links":{"self":[{"href":"https:\/\/libriaparte.it\/en\/wp-json\/wp\/v2\/product\/26586","targetHints":{"allow":["GET"]}}],"collection":[{"href":"https:\/\/libriaparte.it\/en\/wp-json\/wp\/v2\/product"}],"about":[{"href":"https:\/\/libriaparte.it\/en\/wp-json\/wp\/v2\/types\/product"}],"wp:featuredmedia":[{"embeddable":true,"href":"https:\/\/libriaparte.it\/en\/wp-json\/wp\/v2\/media\/26656"}],"wp:attachment":[{"href":"https:\/\/libriaparte.it\/en\/wp-json\/wp\/v2\/media?parent=26586"}],"wp:term":[{"taxonomy":"product_brand","embeddable":true,"href":"https:\/\/libriaparte.it\/en\/wp-json\/wp\/v2\/product_brand?post=26586"},{"taxonomy":"product_cat","embeddable":true,"href":"https:\/\/libriaparte.it\/en\/wp-json\/wp\/v2\/product_cat?post=26586"},{"taxonomy":"product_tag","embeddable":true,"href":"https:\/\/libriaparte.it\/en\/wp-json\/wp\/v2\/product_tag?post=26586"}],"curies":[{"name":"wp","href":"https:\/\/api.w.org\/{rel}","templated":true}]}}